{"id":15948,"date":"2024-12-20T12:55:04","date_gmt":"2024-12-20T11:55:04","guid":{"rendered":"https:\/\/dbr77.com\/?page_id=15948"},"modified":"2024-12-20T12:58:37","modified_gmt":"2024-12-20T11:58:37","slug":"pdihproject","status":"publish","type":"page","link":"https:\/\/dbr77.com\/pl\/pdihproject\/","title":{"rendered":"Projekt PDIH"},"content":{"rendered":"<p>[et_pb_section fb_built=&#8221;1&#8243; _builder_version=&#8221;4.22.2&#8243; _module_preset=&#8221;default&#8221; background_color=&#8221;RGBA(255,255,255,0)&#8221; custom_padding=&#8221;5%||30px||false|false&#8221; da_disable_devices=&#8221;off|off|off&#8221; global_colors_info=&#8221;{}&#8221; da_is_popup=&#8221;off&#8221; da_exit_intent=&#8221;off&#8221; da_has_close=&#8221;on&#8221; da_alt_close=&#8221;off&#8221; da_dark_close=&#8221;off&#8221; da_not_modal=&#8221;on&#8221; da_is_singular=&#8221;off&#8221; da_with_loader=&#8221;off&#8221; da_has_shadow=&#8221;on&#8221;][et_pb_row module_class=&#8221;flex-align-center&#8221; _builder_version=&#8221;4.20.0&#8243; _module_preset=&#8221;default&#8221; z_index=&#8221;100&#8243; max_width=&#8221;100%&#8221; custom_margin=&#8221;3%|auto|0px|auto|false|false&#8221; custom_margin_tablet=&#8221;||5%||false|false&#8221; custom_margin_phone=&#8221;70px||5%||false|false&#8221; custom_margin_last_edited=&#8221;on|phone&#8221; custom_padding=&#8221;||0px||false|false&#8221; global_colors_info=&#8221;{}&#8221;][et_pb_column type=&#8221;4_4&#8243; _builder_version=&#8221;4.20.0&#8243; _module_preset=&#8221;default&#8221; global_colors_info=&#8221;{}&#8221;][et_pb_text _builder_version=&#8221;4.27.3&#8243; _module_preset=&#8221;default&#8221; header_font=&#8221;ClashBold||||||||&#8221; header_text_align=&#8221;left&#8221; header_font_size=&#8221;3rem&#8221; header_letter_spacing=&#8221;1px&#8221; header_2_font=&#8221;ClashBold||||||||&#8221; header_2_text_align=&#8221;left&#8221; header_2_font_size=&#8221;2rem&#8221; header_2_letter_spacing=&#8221;1px&#8221; custom_margin=&#8221;||0px||false|false&#8221; header_text_align_tablet=&#8221;center&#8221; header_text_align_phone=&#8221;left&#8221; header_text_align_last_edited=&#8221;off|desktop&#8221; header_font_size_tablet=&#8221;3rem&#8221; header_font_size_phone=&#8221;2.3rem&#8221; header_font_size_last_edited=&#8221;on|phone&#8221; header_2_font_size_tablet=&#8221;3rem&#8221; header_2_font_size_phone=&#8221;1.5rem&#8221; header_2_font_size_last_edited=&#8221;on|phone&#8221; global_colors_info=&#8221;{}&#8221;]<\/p>\n<h1><strong>\u201ePDIH \u2013 Pomeranian Digital Innovation HUB\u201d<\/strong><\/h1>\n<p><span style=\"color: #5e50ac;\"><\/span><\/p>\n<p><span style=\"color: #5e50ac;\"><\/span><\/p>\n<p>[\/et_pb_text][et_pb_text _builder_version=&#8221;4.27.3&#8243; _module_preset=&#8221;default&#8221; text_font=&#8221;ClashRegular||||||||&#8221; text_font_size=&#8221;1rem&#8221; text_letter_spacing=&#8221;0.3px&#8221; text_line_height=&#8221;1.8em&#8221; width=&#8221;100%&#8221; width_tablet=&#8221;65%&#8221; width_phone=&#8221;100%&#8221; width_last_edited=&#8221;off|desktop&#8221; module_alignment=&#8221;center&#8221; custom_margin=&#8221;||10px||false|false&#8221; hover_enabled=&#8221;0&#8243; text_font_last_edited=&#8221;off|desktop&#8221; text_orientation_tablet=&#8221;center&#8221; text_orientation_phone=&#8221;left&#8221; text_orientation_last_edited=&#8221;off|desktop&#8221; global_colors_info=&#8221;{}&#8221; sticky_enabled=&#8221;0&#8243;]<\/p>\n<p>DBR 77 Robotics Sp. z o.o. jest Partnerem Stowarzyszonym projektu \u201ePomeranian Digital Innowation Hub (PDIH)\u201d realizowanego z Programu Operacyjnego Funduszy Europejskich dla Nowoczesnej Gospodarki 2021-2027 Dzia\u0142anie 2.22 Wsp\u00f3\u0142finansowanie dzia\u0142a\u0144 EDIH oraz z Digital Europe Programme (DIGITAL) DIGITAL-2021-EDIH-01-INITIAL Initial Network of European Digital Innovation Hub.<\/p>\n<p>&nbsp;<\/p>\n<p>PDIH dzia\u0142aj\u0105c w modelu one-stop-shop oferuje kompleksowe wsparcie w dziedzinie transformacji cyfrowej &#8211; od audyt\u00f3w poziomu digitializacji oraz szkole\u0144, poprzez demonstracje cyfrowych rozwi\u0105za\u0144, wdro\u017cenia testowe, po wsparcie z zakresu poszukiwania finansowania i tworzenia odpowiednich rozwi\u0105za\u0144 prawnych. Oferta PDIH podzielona jest na 4 kluczowe kategorie:<\/p>\n<ol>\n<li><strong>Skills &amp; Training<\/strong> (zwi\u0119kszaj\u0105ce \u015bwiadomo\u015b\u0107, kompetencje, kwalifikacje, umiej\u0119tno\u015bci cyfrowe)<\/li>\n<li><strong>Test before invest<\/strong> (daj\u0105ce mo\u017cliwo\u015b\u0107 wypr\u00f3bowania danego rozwi\u0105zania, sprawdzenia jego dzia\u0142ania w obecnych warunkach eksploatacyjnych, dokonania analizy przedwdro\u017ceniowej oraz oceny zasadno\u015bci jego wdro\u017cenia \u2013 jeszcze przed poniesieniem jakichkolwiek nak\u0142ad\u00f3w inwestycyjnych na jego zakup)<\/li>\n<li><strong>Suport to find investments<\/strong> (wspieraj\u0105ce w ocenie mo\u017cliwo\u015bci finansowania i poszukiwaniu dost\u0119pnych optymalnych \u017ar\u00f3de\u0142 dofinansowania do tych cz\u0119\u015bci inwestycji (zakup \u015brodk\u00f3w trwa\u0142ych, infrastruktury lub innych element\u00f3w niezb\u0119dnych w procesie cyfrowej transformacji), kt\u00f3re wykraczaj\u0105 poza ofert\u0119 PDIH<\/li>\n<li><strong>Innovation ecosystem and networking<\/strong> (pozwalaj\u0105ce na nawi\u0105zanie szerokiej sieci kontakt\u00f3w, relacji biznesowych skutkuj\u0105cych trwa\u0142\u0105 wsp\u00f3\u0142prac\u0105 poza strukturami PDIH)<\/li>\n<\/ol>\n<p>&nbsp;<\/p>\n<p>Specjalizacj\u0105 pomorskiego EDIH s\u0105 rozwi\u0105zania z zakresu Przemys\u0142u 4.0, Robotyzacji, AI, VR\/AR i Cyberbezpiecze\u0144stwa, ze szczeg\u00f3lnym uwzgl\u0119dnieniem potrzeb bran\u017cy morskiej. Szczeg\u00f3\u0142owy zakres \u015bwiadczonych us\u0142ug znajduje si\u0119 na stronie <a href=\"https:\/\/gpnt.pl\/pomeranian-edih\">https:\/\/gpnt.pl\/pomeranian-edih<\/a><\/p>\n<p>[\/et_pb_text][et_pb_image src=&#8221;https:\/\/dbr77.com\/wp-content\/uploads\/2024\/12\/pdih-partner-stowarzyszony-dbr77.png&#8221; title_text=&#8221;pdih-partner-stowarzyszony-dbr77&#8243; align=&#8221;center&#8221; _builder_version=&#8221;4.27.3&#8243; _module_preset=&#8221;default&#8221; global_colors_info=&#8221;{}&#8221;][\/et_pb_image][et_pb_text _builder_version=&#8221;4.27.3&#8243; _module_preset=&#8221;default&#8221; text_font=&#8221;ClashRegular||||||||&#8221; text_font_size=&#8221;1rem&#8221; text_letter_spacing=&#8221;0.3px&#8221; text_line_height=&#8221;1.8em&#8221; width=&#8221;100%&#8221; width_tablet=&#8221;65%&#8221; width_phone=&#8221;100%&#8221; width_last_edited=&#8221;off|desktop&#8221; module_alignment=&#8221;center&#8221; custom_margin=&#8221;||10px||false|false&#8221; hover_enabled=&#8221;0&#8243; text_font_last_edited=&#8221;off|desktop&#8221; text_orientation_tablet=&#8221;center&#8221; text_orientation_phone=&#8221;left&#8221; text_orientation_last_edited=&#8221;off|desktop&#8221; global_colors_info=&#8221;{}&#8221; sticky_enabled=&#8221;0&#8243;]<\/p>\n<p>Us\u0142ugi PDIH \u015bwiadczone b\u0119d\u0105 podmiotom z sektora M\u015aP w formie pomocy de minimis. \u0141\u0105cznie planowanych jest do wy\u015bwiadczenie ponad 1600 us\u0142ug dla 560 podmiot\u00f3w.<\/p>\n<p>&nbsp;<\/p>\n<p><em>Wsparcie \u015bwiadczone b\u0119dzie przez Partner\u00f3w Konsorcjum zajmuj\u0105cych si\u0119 szeroko poj\u0119t\u0105 transformacj\u0105 cyfrow\u0105, robotyzacj\u0105, przemys\u0142em 4.0., digitalizacj\u0105. Partnerami projektu s\u0105: Pomorska Specjalna Strefa Ekonomiczna Sp. z o.o. (Lider projektu), Politechnika Gda\u0144ska, Fundacja INTERIZON, Agencja Rozwoju Pomorza S.A., Regionalna Izba Gospodarcza Pomorza, Pomorska Agencja Rozwoju Regionalnego S.A., infoShare Academy Sp. z o.o., Fundacja CODE:ME, Stowarzyszenie Robotyk\u00f3w SKALP, PIRXON S.A., P-SYSTEM Sp. z o.o., Integra AV Sp. z o.o., ISS RFID Sp. z o.o., Inero Software Sp. z o.o., ITM Software House Sp. z o.o., See My Model Sp. z o.o., 4Biznes.eu Szramowski Wojciech, Inventity Foundation, Instytut Maszyn Przep\u0142ywowych Polskiej Akademii Nauk, Kancelaria Radcy Prawnego Marta Dargas-Draganik.<\/em><\/p>\n<p>&nbsp;<\/p>\n<p><em>Partnerami stowarzyszonymi projektu s\u0105: Olszty\u0144ski Park Naukowo-Technologiczny, Kwidzy\u0144ski Park Przemys\u0142owo-Technologiczny, Pomorski Park Naukowo-Technologiczny Gdynia, Park Naukowo-Technologiczny w E\u0142ku, Warmi\u0144sko-Mazurska Agencja Rozwoju Regionalnego S.A. w Olsztynie, Stowarzyszenie &#8222;Wolna Przedsi\u0119biorczo\u015b\u0107&#8221;, Okr\u0119gowa Izba Radc\u00f3w Prawnych w Gda\u0144sku, Uniwersytet Gda\u0144ski, Edukacyjne Centrum Doskonalenia, Instytut Przedsi\u0119biorczo\u015bci i Nowych Technologii Sp. z o.o., DBR77 Robotics Sp. z o.o.<\/em><\/p>\n<p>&nbsp;<\/p>\n<p><strong>Termin zako\u0144czenia realizacji projektu:<\/strong> 30.09.2026 r.<\/p>\n<p><strong>Warto\u015b\u0107 projektu:<\/strong> 2\u00a0964\u00a0713,85 EUR (13\u00a0984\u00a0442,25 PLN)<\/p>\n<p><strong>Wysoko\u015b\u0107 wk\u0142adu z Funduszy Europejskich dla Nowoczesnej Gospodarki:<\/strong> 6\u00a0992\u00a0220,67 PLN<\/p>\n<p>#FunduszeUE<\/p>\n<p>[\/et_pb_text][\/et_pb_column][\/et_pb_row][\/et_pb_section]<\/p>\n","protected":false},"excerpt":{"rendered":"<p>[et_pb_section fb_built=&#8221;1&#8243; _builder_version=&#8221;4.22.2&#8243; _module_preset=&#8221;default&#8221; background_color=&#8221;RGBA(255,255,255,0)&#8221; custom_padding=&#8221;5%||30px||false|false&#8221; da_disable_devices=&#8221;off|off|off&#8221; global_colors_info=&#8221;{}&#8221; da_is_popup=&#8221;off&#8221; da_exit_intent=&#8221;off&#8221; da_has_close=&#8221;on&#8221; da_alt_close=&#8221;off&#8221; da_dark_close=&#8221;off&#8221; da_not_modal=&#8221;on&#8221; da_is_singular=&#8221;off&#8221; da_with_loader=&#8221;off&#8221; da_has_shadow=&#8221;on&#8221;][et_pb_row module_class=&#8221;flex-align-center&#8221; _builder_version=&#8221;4.20.0&#8243; _module_preset=&#8221;default&#8221; z_index=&#8221;100&#8243; max_width=&#8221;100%&#8221; custom_margin=&#8221;3%|auto|0px|auto|false|false&#8221; custom_margin_tablet=&#8221;||5%||false|false&#8221; custom_margin_phone=&#8221;70px||5%||false|false&#8221; custom_margin_last_edited=&#8221;on|phone&#8221; custom_padding=&#8221;||0px||false|false&#8221; global_colors_info=&#8221;{}&#8221;][et_pb_column type=&#8221;4_4&#8243; _builder_version=&#8221;4.20.0&#8243; _module_preset=&#8221;default&#8221; global_colors_info=&#8221;{}&#8221;][et_pb_text _builder_version=&#8221;4.27.3&#8243; _module_preset=&#8221;default&#8221; header_font=&#8221;ClashBold||||||||&#8221; header_text_align=&#8221;left&#8221; header_font_size=&#8221;3rem&#8221; header_letter_spacing=&#8221;1px&#8221; header_2_font=&#8221;ClashBold||||||||&#8221; header_2_text_align=&#8221;left&#8221; header_2_font_size=&#8221;2rem&#8221; header_2_letter_spacing=&#8221;1px&#8221; custom_margin=&#8221;||0px||false|false&#8221; header_text_align_tablet=&#8221;center&#8221; header_text_align_phone=&#8221;left&#8221; header_text_align_last_edited=&#8221;off|desktop&#8221; header_font_size_tablet=&#8221;3rem&#8221; header_font_size_phone=&#8221;2.3rem&#8221; header_font_size_last_edited=&#8221;on|phone&#8221; header_2_font_size_tablet=&#8221;3rem&#8221; header_2_font_size_phone=&#8221;1.5rem&#8221; header_2_font_size_last_edited=&#8221;on|phone&#8221; global_colors_info=&#8221;{}&#8221;] \u201ePDIH \u2013 [&hellip;]<\/p>\n","protected":false},"author":6,"featured_media":0,"parent":0,"menu_order":0,"comment_status":"closed","ping_status":"closed","template":"","meta":{"_acf_changed":false,"inline_featured_image":false,"footnotes":""},"class_list":["post-15948","page","type-page","status-publish","hentry"],"acf":[],"yoast_head":"<!-- This site is optimized with the Yoast SEO plugin v27.4 - https:\/\/yoast.com\/product\/yoast-seo-wordpress\/ -->\n<title>Projekt PDIH - DBR77 Robotics<\/title>\n<meta name=\"robots\" content=\"index, follow, max-snippet:-1, max-image-preview:large, max-video-preview:-1\" \/>\n<link rel=\"canonical\" href=\"https:\/\/dbr77.com\/pdihproject\/\" \/>\n<meta property=\"og:locale\" content=\"pl_PL\" \/>\n<meta property=\"og:type\" content=\"article\" \/>\n<meta property=\"og:title\" content=\"Projekt PDIH - DBR77 Robotics\" \/>\n<meta property=\"og:description\" content=\"[et_pb_section fb_built=&#8221;1&#8243; _builder_version=&#8221;4.22.2&#8243; _module_preset=&#8221;default&#8221; background_color=&#8221;RGBA(255,255,255,0)&#8221; custom_padding=&#8221;5%||30px||false|false&#8221; da_disable_devices=&#8221;off|off|off&#8221; global_colors_info=&#8221;{}&#8221; da_is_popup=&#8221;off&#8221; da_exit_intent=&#8221;off&#8221; da_has_close=&#8221;on&#8221; da_alt_close=&#8221;off&#8221; da_dark_close=&#8221;off&#8221; da_not_modal=&#8221;on&#8221; da_is_singular=&#8221;off&#8221; da_with_loader=&#8221;off&#8221; da_has_shadow=&#8221;on&#8221;][et_pb_row module_class=&#8221;flex-align-center&#8221; _builder_version=&#8221;4.20.0&#8243; _module_preset=&#8221;default&#8221; z_index=&#8221;100&#8243; max_width=&#8221;100%&#8221; custom_margin=&#8221;3%|auto|0px|auto|false|false&#8221; custom_margin_tablet=&#8221;||5%||false|false&#8221; custom_margin_phone=&#8221;70px||5%||false|false&#8221; custom_margin_last_edited=&#8221;on|phone&#8221; custom_padding=&#8221;||0px||false|false&#8221; global_colors_info=&#8221;{}&#8221;][et_pb_column type=&#8221;4_4&#8243; _builder_version=&#8221;4.20.0&#8243; _module_preset=&#8221;default&#8221; global_colors_info=&#8221;{}&#8221;][et_pb_text _builder_version=&#8221;4.27.3&#8243; _module_preset=&#8221;default&#8221; header_font=&#8221;ClashBold||||||||&#8221; header_text_align=&#8221;left&#8221; header_font_size=&#8221;3rem&#8221; header_letter_spacing=&#8221;1px&#8221; header_2_font=&#8221;ClashBold||||||||&#8221; header_2_text_align=&#8221;left&#8221; header_2_font_size=&#8221;2rem&#8221; header_2_letter_spacing=&#8221;1px&#8221; custom_margin=&#8221;||0px||false|false&#8221; header_text_align_tablet=&#8221;center&#8221; header_text_align_phone=&#8221;left&#8221; header_text_align_last_edited=&#8221;off|desktop&#8221; header_font_size_tablet=&#8221;3rem&#8221; header_font_size_phone=&#8221;2.3rem&#8221; header_font_size_last_edited=&#8221;on|phone&#8221; header_2_font_size_tablet=&#8221;3rem&#8221; header_2_font_size_phone=&#8221;1.5rem&#8221; header_2_font_size_last_edited=&#8221;on|phone&#8221; global_colors_info=&#8221;{}&#8221;] \u201ePDIH \u2013 [&hellip;]\" \/>\n<meta property=\"og:url\" content=\"https:\/\/dbr77.com\/pdihproject\/\" \/>\n<meta property=\"og:site_name\" content=\"DBR77 Robotics\" \/>\n<meta property=\"article:publisher\" content=\"https:\/\/www.facebook.com\/dbr77robotics\" \/>\n<meta property=\"article:modified_time\" content=\"2024-12-20T11:58:37+00:00\" \/>\n<meta property=\"og:image\" content=\"https:\/\/dbr77.com\/wp-content\/uploads\/2023\/02\/DBR77-Cover.png\" \/>\n\t<meta property=\"og:image:width\" content=\"1200\" \/>\n\t<meta property=\"og:image:height\" content=\"630\" \/>\n\t<meta property=\"og:image:type\" content=\"image\/png\" \/>\n<meta name=\"twitter:card\" content=\"summary_large_image\" \/>\n<meta name=\"twitter:site\" content=\"@DBR77com\" \/>\n<meta name=\"twitter:label1\" content=\"Szacowany czas czytania\" \/>\n\t<meta name=\"twitter:data1\" content=\"5 minut\" \/>\n<script type=\"application\/ld+json\" class=\"yoast-schema-graph\">{\"@context\":\"https:\\\/\\\/schema.org\",\"@graph\":[{\"@type\":\"WebPage\",\"@id\":\"https:\\\/\\\/dbr77.com\\\/pdihproject\\\/\",\"url\":\"https:\\\/\\\/dbr77.com\\\/pdihproject\\\/\",\"name\":\"Projekt PDIH - DBR77 Robotics\",\"isPartOf\":{\"@id\":\"https:\\\/\\\/dbr77.com\\\/#website\"},\"datePublished\":\"2024-12-20T11:55:04+00:00\",\"dateModified\":\"2024-12-20T11:58:37+00:00\",\"breadcrumb\":{\"@id\":\"https:\\\/\\\/dbr77.com\\\/pdihproject\\\/#breadcrumb\"},\"inLanguage\":\"pl-PL\",\"potentialAction\":[{\"@type\":\"ReadAction\",\"target\":[\"https:\\\/\\\/dbr77.com\\\/pdihproject\\\/\"]}]},{\"@type\":\"BreadcrumbList\",\"@id\":\"https:\\\/\\\/dbr77.com\\\/pdihproject\\\/#breadcrumb\",\"itemListElement\":[{\"@type\":\"ListItem\",\"position\":1,\"name\":\"Home\",\"item\":\"https:\\\/\\\/dbr77.com\\\/front-page\\\/\"},{\"@type\":\"ListItem\",\"position\":2,\"name\":\"Projekt PDIH\"}]},{\"@type\":\"WebSite\",\"@id\":\"https:\\\/\\\/dbr77.com\\\/#website\",\"url\":\"https:\\\/\\\/dbr77.com\\\/\",\"name\":\"DBR77 Robotics\",\"description\":\"All-in-one platform for the best digitalization\",\"publisher\":{\"@id\":\"https:\\\/\\\/dbr77.com\\\/#organization\"},\"potentialAction\":[{\"@type\":\"SearchAction\",\"target\":{\"@type\":\"EntryPoint\",\"urlTemplate\":\"https:\\\/\\\/dbr77.com\\\/?s={search_term_string}\"},\"query-input\":{\"@type\":\"PropertyValueSpecification\",\"valueRequired\":true,\"valueName\":\"search_term_string\"}}],\"inLanguage\":\"pl-PL\"},{\"@type\":\"Organization\",\"@id\":\"https:\\\/\\\/dbr77.com\\\/#organization\",\"name\":\"DBR 77 Robotics Sp\u00f3\u0142ka z ograniczon\u0105 odpowiedzialno\u015bci\u0105\",\"alternateName\":\"DBR77\",\"url\":\"https:\\\/\\\/dbr77.com\\\/\",\"logo\":{\"@type\":\"ImageObject\",\"inLanguage\":\"pl-PL\",\"@id\":\"https:\\\/\\\/dbr77.com\\\/#\\\/schema\\\/logo\\\/image\\\/\",\"url\":\"https:\\\/\\\/dbr77.com\\\/wp-content\\\/uploads\\\/2023\\\/03\\\/Media-DBR77-Color.svg\",\"contentUrl\":\"https:\\\/\\\/dbr77.com\\\/wp-content\\\/uploads\\\/2023\\\/03\\\/Media-DBR77-Color.svg\",\"width\":1014,\"height\":354,\"caption\":\"DBR 77 Robotics Sp\u00f3\u0142ka z ograniczon\u0105 odpowiedzialno\u015bci\u0105\"},\"image\":{\"@id\":\"https:\\\/\\\/dbr77.com\\\/#\\\/schema\\\/logo\\\/image\\\/\"},\"sameAs\":[\"https:\\\/\\\/www.facebook.com\\\/dbr77robotics\",\"https:\\\/\\\/x.com\\\/DBR77com\",\"https:\\\/\\\/pl.linkedin.com\\\/company\\\/dbr77com\",\"https:\\\/\\\/www.youtube.com\\\/@dbr774\",\"https:\\\/\\\/www.instagram.com\\\/dbr77robotics\",\"https:\\\/\\\/www.tiktok.com\\\/@dbr77robotics\"]}]}<\/script>\n<!-- \/ Yoast SEO plugin. -->","yoast_head_json":{"title":"Projekt PDIH - DBR77 Robotics","robots":{"index":"index","follow":"follow","max-snippet":"max-snippet:-1","max-image-preview":"max-image-preview:large","max-video-preview":"max-video-preview:-1"},"canonical":"https:\/\/dbr77.com\/pdihproject\/","og_locale":"pl_PL","og_type":"article","og_title":"Projekt PDIH - DBR77 Robotics","og_description":"[et_pb_section fb_built=&#8221;1&#8243; _builder_version=&#8221;4.22.2&#8243; _module_preset=&#8221;default&#8221; background_color=&#8221;RGBA(255,255,255,0)&#8221; custom_padding=&#8221;5%||30px||false|false&#8221; da_disable_devices=&#8221;off|off|off&#8221; global_colors_info=&#8221;{}&#8221; da_is_popup=&#8221;off&#8221; da_exit_intent=&#8221;off&#8221; da_has_close=&#8221;on&#8221; da_alt_close=&#8221;off&#8221; da_dark_close=&#8221;off&#8221; da_not_modal=&#8221;on&#8221; da_is_singular=&#8221;off&#8221; da_with_loader=&#8221;off&#8221; da_has_shadow=&#8221;on&#8221;][et_pb_row module_class=&#8221;flex-align-center&#8221; _builder_version=&#8221;4.20.0&#8243; _module_preset=&#8221;default&#8221; z_index=&#8221;100&#8243; max_width=&#8221;100%&#8221; custom_margin=&#8221;3%|auto|0px|auto|false|false&#8221; custom_margin_tablet=&#8221;||5%||false|false&#8221; custom_margin_phone=&#8221;70px||5%||false|false&#8221; custom_margin_last_edited=&#8221;on|phone&#8221; custom_padding=&#8221;||0px||false|false&#8221; global_colors_info=&#8221;{}&#8221;][et_pb_column type=&#8221;4_4&#8243; _builder_version=&#8221;4.20.0&#8243; _module_preset=&#8221;default&#8221; global_colors_info=&#8221;{}&#8221;][et_pb_text _builder_version=&#8221;4.27.3&#8243; _module_preset=&#8221;default&#8221; header_font=&#8221;ClashBold||||||||&#8221; header_text_align=&#8221;left&#8221; header_font_size=&#8221;3rem&#8221; header_letter_spacing=&#8221;1px&#8221; header_2_font=&#8221;ClashBold||||||||&#8221; header_2_text_align=&#8221;left&#8221; header_2_font_size=&#8221;2rem&#8221; header_2_letter_spacing=&#8221;1px&#8221; custom_margin=&#8221;||0px||false|false&#8221; header_text_align_tablet=&#8221;center&#8221; header_text_align_phone=&#8221;left&#8221; header_text_align_last_edited=&#8221;off|desktop&#8221; header_font_size_tablet=&#8221;3rem&#8221; header_font_size_phone=&#8221;2.3rem&#8221; header_font_size_last_edited=&#8221;on|phone&#8221; header_2_font_size_tablet=&#8221;3rem&#8221; header_2_font_size_phone=&#8221;1.5rem&#8221; header_2_font_size_last_edited=&#8221;on|phone&#8221; global_colors_info=&#8221;{}&#8221;] \u201ePDIH \u2013 [&hellip;]","og_url":"https:\/\/dbr77.com\/pdihproject\/","og_site_name":"DBR77 Robotics","article_publisher":"https:\/\/www.facebook.com\/dbr77robotics","article_modified_time":"2024-12-20T11:58:37+00:00","og_image":[{"width":1200,"height":630,"url":"https:\/\/dbr77.com\/wp-content\/uploads\/2023\/02\/DBR77-Cover.png","type":"image\/png"}],"twitter_card":"summary_large_image","twitter_site":"@DBR77com","twitter_misc":{"Szacowany czas czytania":"5 minut"},"schema":{"@context":"https:\/\/schema.org","@graph":[{"@type":"WebPage","@id":"https:\/\/dbr77.com\/pdihproject\/","url":"https:\/\/dbr77.com\/pdihproject\/","name":"Projekt PDIH - DBR77 Robotics","isPartOf":{"@id":"https:\/\/dbr77.com\/#website"},"datePublished":"2024-12-20T11:55:04+00:00","dateModified":"2024-12-20T11:58:37+00:00","breadcrumb":{"@id":"https:\/\/dbr77.com\/pdihproject\/#breadcrumb"},"inLanguage":"pl-PL","potentialAction":[{"@type":"ReadAction","target":["https:\/\/dbr77.com\/pdihproject\/"]}]},{"@type":"BreadcrumbList","@id":"https:\/\/dbr77.com\/pdihproject\/#breadcrumb","itemListElement":[{"@type":"ListItem","position":1,"name":"Home","item":"https:\/\/dbr77.com\/front-page\/"},{"@type":"ListItem","position":2,"name":"Projekt PDIH"}]},{"@type":"WebSite","@id":"https:\/\/dbr77.com\/#website","url":"https:\/\/dbr77.com\/","name":"DBR77 Robotics","description":"All-in-one platform for the best digitalization","publisher":{"@id":"https:\/\/dbr77.com\/#organization"},"potentialAction":[{"@type":"SearchAction","target":{"@type":"EntryPoint","urlTemplate":"https:\/\/dbr77.com\/?s={search_term_string}"},"query-input":{"@type":"PropertyValueSpecification","valueRequired":true,"valueName":"search_term_string"}}],"inLanguage":"pl-PL"},{"@type":"Organization","@id":"https:\/\/dbr77.com\/#organization","name":"DBR 77 Robotics Sp\u00f3\u0142ka z ograniczon\u0105 odpowiedzialno\u015bci\u0105","alternateName":"DBR77","url":"https:\/\/dbr77.com\/","logo":{"@type":"ImageObject","inLanguage":"pl-PL","@id":"https:\/\/dbr77.com\/#\/schema\/logo\/image\/","url":"https:\/\/dbr77.com\/wp-content\/uploads\/2023\/03\/Media-DBR77-Color.svg","contentUrl":"https:\/\/dbr77.com\/wp-content\/uploads\/2023\/03\/Media-DBR77-Color.svg","width":1014,"height":354,"caption":"DBR 77 Robotics Sp\u00f3\u0142ka z ograniczon\u0105 odpowiedzialno\u015bci\u0105"},"image":{"@id":"https:\/\/dbr77.com\/#\/schema\/logo\/image\/"},"sameAs":["https:\/\/www.facebook.com\/dbr77robotics","https:\/\/x.com\/DBR77com","https:\/\/pl.linkedin.com\/company\/dbr77com","https:\/\/www.youtube.com\/@dbr774","https:\/\/www.instagram.com\/dbr77robotics","https:\/\/www.tiktok.com\/@dbr77robotics"]}]}},"_links":{"self":[{"href":"https:\/\/dbr77.com\/pl\/wp-json\/wp\/v2\/pages\/15948","targetHints":{"allow":["GET"]}}],"collection":[{"href":"https:\/\/dbr77.com\/pl\/wp-json\/wp\/v2\/pages"}],"about":[{"href":"https:\/\/dbr77.com\/pl\/wp-json\/wp\/v2\/types\/page"}],"author":[{"embeddable":true,"href":"https:\/\/dbr77.com\/pl\/wp-json\/wp\/v2\/users\/6"}],"replies":[{"embeddable":true,"href":"https:\/\/dbr77.com\/pl\/wp-json\/wp\/v2\/comments?post=15948"}],"version-history":[{"count":5,"href":"https:\/\/dbr77.com\/pl\/wp-json\/wp\/v2\/pages\/15948\/revisions"}],"predecessor-version":[{"id":15987,"href":"https:\/\/dbr77.com\/pl\/wp-json\/wp\/v2\/pages\/15948\/revisions\/15987"}],"wp:attachment":[{"href":"https:\/\/dbr77.com\/pl\/wp-json\/wp\/v2\/media?parent=15948"}],"curies":[{"name":"wp","href":"https:\/\/api.w.org\/{rel}","templated":true}]}}