{"id":1420,"date":"2023-03-09T14:34:28","date_gmt":"2023-03-09T13:34:28","guid":{"rendered":"https:\/\/dbr77.com\/?page_id=1420"},"modified":"2026-04-06T23:13:28","modified_gmt":"2026-04-06T21:13:28","slug":"news","status":"publish","type":"page","link":"https:\/\/dbr77.com\/news\/","title":{"rendered":"News"},"content":{"rendered":"<p>[et_pb_section fb_built=&#8221;1&#8243; custom_padding_last_edited=&#8221;on|phone&#8221; _builder_version=&#8221;4.27.4&#8243; _module_preset=&#8221;default&#8221; background_enable_color=&#8221;off&#8221; custom_padding=&#8221;0px||30px||false|false&#8221; custom_padding_tablet=&#8221;10%||30px||false|false&#8221; custom_padding_phone=&#8221;20%||30px||false|false&#8221; da_disable_devices=&#8221;off|off|off&#8221; global_colors_info=&#8221;{}&#8221; da_is_popup=&#8221;off&#8221; da_exit_intent=&#8221;off&#8221; da_has_close=&#8221;on&#8221; da_alt_close=&#8221;off&#8221; da_dark_close=&#8221;off&#8221; da_not_modal=&#8221;on&#8221; da_is_singular=&#8221;off&#8221; da_with_loader=&#8221;off&#8221; da_has_shadow=&#8221;on&#8221;][et_pb_row _builder_version=&#8221;4.20.0&#8243; _module_preset=&#8221;default&#8221; z_index=&#8221;100&#8243; max_width=&#8221;100%&#8221; custom_margin=&#8221;3%|auto||auto|false|false&#8221; custom_padding=&#8221;||10px||false|false&#8221; global_colors_info=&#8221;{}&#8221;][et_pb_column type=&#8221;4_4&#8243; _builder_version=&#8221;4.20.0&#8243; _module_preset=&#8221;default&#8221; global_colors_info=&#8221;{}&#8221;][et_pb_text _builder_version=&#8221;4.27.4&#8243; _module_preset=&#8221;default&#8221; header_font=&#8221;&#8211;et_global_heading_font||||||||&#8221; header_text_align=&#8221;center&#8221; header_text_color=&#8221;gcid-20387cc4-cbed-4edc-8bb6-ca797fe7ca1a&#8221; header_font_size=&#8221;3rem&#8221; header_letter_spacing=&#8221;1px&#8221; header_2_font=&#8221;&#8211;et_global_heading_font||||||||&#8221; header_2_text_color=&#8221;gcid-20387cc4-cbed-4edc-8bb6-ca797fe7ca1a&#8221; header_2_font_size=&#8221;2.5rem&#8221; header_2_letter_spacing=&#8221;1px&#8221; z_index=&#8221;100&#8243; custom_margin=&#8221;||0px||false|false&#8221; custom_padding=&#8221;||0px||false|false&#8221; header_2_text_align_tablet=&#8221;&#8221; header_2_text_align_phone=&#8221;left&#8221; header_2_text_align_last_edited=&#8221;on|phone&#8221; text_orientation_tablet=&#8221;center&#8221; text_orientation_last_edited=&#8221;off|desktop&#8221; global_colors_info=&#8221;{%22gcid-20387cc4-cbed-4edc-8bb6-ca797fe7ca1a%22:%91%22header_2_text_color%22,%22header_text_color%22%93}&#8221;]<\/p>\n<h1>Aktualno\u015bci<\/h1>\n<p>[\/et_pb_text][et_pb_text _builder_version=&#8221;4.27.4&#8243; _module_preset=&#8221;default&#8221; text_font=&#8221;&#8211;et_global_heading_font||||||||&#8221; text_text_color=&#8221;gcid-20387cc4-cbed-4edc-8bb6-ca797fe7ca1a&#8221; text_font_size=&#8221;1.1rem&#8221; text_letter_spacing=&#8221;0.3px&#8221; header_font=&#8221;&#8211;et_global_heading_font||||||||&#8221; header_font_size=&#8221;3rem&#8221; header_letter_spacing=&#8221;1px&#8221; header_2_font=&#8221;ClashBold||||||||&#8221; header_2_text_align=&#8221;center&#8221; header_2_text_color=&#8221;#5e50ac&#8221; header_2_font_size=&#8221;2rem&#8221; header_2_letter_spacing=&#8221;1px&#8221; z_index=&#8221;100&#8243; text_orientation=&#8221;center&#8221; custom_margin=&#8221;||10px||false|false&#8221; header_2_text_align_tablet=&#8221;&#8221; header_2_text_align_phone=&#8221;left&#8221; header_2_text_align_last_edited=&#8221;on|phone&#8221; text_orientation_tablet=&#8221;center&#8221; text_orientation_last_edited=&#8221;off|desktop&#8221; global_colors_info=&#8221;{%22gcid-20387cc4-cbed-4edc-8bb6-ca797fe7ca1a%22:%91%22text_text_color%22%93}&#8221;]<\/p>\n<p><span>Transformacja digitalna w akcji &#8211; czyli najnowsze informacje z \u017cycia DBR77<\/span><\/p>\n<p>[\/et_pb_text][\/et_pb_column][\/et_pb_row][et_pb_row disabled_on=&#8221;on|on|on&#8221; _builder_version=&#8221;4.25.1&#8243; _module_preset=&#8221;default&#8221; z_index=&#8221;100&#8243; width=&#8221;100%&#8221; max_width=&#8221;100%&#8221; border_width_all=&#8221;3px&#8221; border_color_all=&#8221;#8B68EE&#8221; disabled=&#8221;on&#8221; global_colors_info=&#8221;{}&#8221;][et_pb_column type=&#8221;4_4&#8243; _builder_version=&#8221;4.23.1&#8243; _module_preset=&#8221;default&#8221; global_colors_info=&#8221;{}&#8221;][et_pb_text _builder_version=&#8221;4.23.1&#8243; _module_preset=&#8221;default&#8221; header_font=&#8221;ClashBold||||||||&#8221; header_font_size=&#8221;3rem&#8221; header_letter_spacing=&#8221;1px&#8221; header_2_font=&#8221;ClashBold||||||||&#8221; header_2_text_align=&#8221;center&#8221; header_2_font_size=&#8221;2.5rem&#8221; header_2_letter_spacing=&#8221;1px&#8221; z_index=&#8221;100&#8243; custom_margin=&#8221;||20px||false|false&#8221; header_2_text_align_tablet=&#8221;&#8221; header_2_text_align_phone=&#8221;center&#8221; header_2_text_align_last_edited=&#8221;on|desktop&#8221; header_2_font_size_tablet=&#8221;2.5rem&#8221; header_2_font_size_phone=&#8221;2.3rem&#8221; header_2_font_size_last_edited=&#8221;on|phone&#8221; text_orientation_tablet=&#8221;center&#8221; text_orientation_last_edited=&#8221;off|desktop&#8221; global_colors_info=&#8221;{}&#8221;]<\/p>\n<h2>Aktualizacje<span style=\"color: #5e50ac\">\u00a0na Platformie<\/span><\/h2>\n<p>[\/et_pb_text][et_pb_blog fullwidth=&#8221;off&#8221; posts_number=&#8221;3&#8243; include_categories=&#8221;107&#8243; use_manual_excerpt=&#8221;off&#8221; show_author=&#8221;off&#8221; show_date=&#8221;off&#8221; show_categories=&#8221;off&#8221; show_excerpt=&#8221;off&#8221; show_pagination=&#8221;off&#8221; masonry_tile_background_color=&#8221;#191628&#8243; _builder_version=&#8221;4.27.4&#8243; _module_preset=&#8221;default&#8221; header_font=&#8221;ClashBold||||||||&#8221; header_font_size=&#8221;1rem&#8221; header_line_height=&#8221;1.2em&#8221; meta_font=&#8221;ClashBold||||||||&#8221; meta_text_color=&#8221;#5e50ac&#8221; meta_font_size=&#8221;1rem&#8221; width=&#8221;80%&#8221; max_width=&#8221;100%&#8221; module_alignment=&#8221;center&#8221; link_option_url_new_window=&#8221;on&#8221; hover_enabled=&#8221;0&#8243; border_radii=&#8221;on|30px|30px|30px|30px&#8221; border_width_all=&#8221;0px&#8221; border_width_bottom=&#8221;1px&#8221; border_color_bottom=&#8221;#5e50ac&#8221; border_color_bottom_image=&#8221;#5e50ac&#8221; box_shadow_style=&#8221;preset2&#8243; box_shadow_blur=&#8221;40px&#8221; global_colors_info=&#8221;{}&#8221; sticky_enabled=&#8221;0&#8243;][\/et_pb_blog][\/et_pb_column][\/et_pb_row][et_pb_row _builder_version=&#8221;4.20.1&#8243; _module_preset=&#8221;default&#8221; z_index=&#8221;200&#8243; width=&#8221;70%&#8221; width_tablet=&#8221;70%&#8221; width_phone=&#8221;80%&#8221; width_last_edited=&#8221;on|phone&#8221; max_width=&#8221;100%&#8221; custom_margin=&#8221;5%||||false|false&#8221; global_colors_info=&#8221;{}&#8221;][et_pb_column type=&#8221;4_4&#8243; _builder_version=&#8221;4.20.0&#8243; _module_preset=&#8221;default&#8221; hover_enabled=&#8221;0&#8243; global_colors_info=&#8221;{}&#8221; sticky_enabled=&#8221;0&#8243;][et_pb_blog include_categories=&#8221;43&#8243; use_manual_excerpt=&#8221;off&#8221; excerpt_length=&#8221;300&#8243; show_author=&#8221;off&#8221; show_date=&#8221;off&#8221; show_pagination=&#8221;off&#8221; module_class=&#8221;dt-blog&#8221; _builder_version=&#8221;4.27.4&#8243; _module_preset=&#8221;default&#8221; header_font=&#8221;&#8211;et_global_heading_font||||||||&#8221; header_text_color=&#8221;gcid-20387cc4-cbed-4edc-8bb6-ca797fe7ca1a&#8221; body_font=&#8221;&#8211;et_global_body_font||||||||&#8221; body_text_color=&#8221;gcid-20387cc4-cbed-4edc-8bb6-ca797fe7ca1a&#8221; body_font_size=&#8221;1rem&#8221; body_letter_spacing=&#8221;0.3px&#8221; meta_font=&#8221;&#8211;et_global_body_font|800||on|||||&#8221; meta_text_color=&#8221;#5e50ac&#8221; meta_font_size=&#8221;14px&#8221; hover_enabled=&#8221;0&#8243; border_radii_image=&#8221;on|10px|10px|10px|10px&#8221; global_colors_info=&#8221;{%22gcid-20387cc4-cbed-4edc-8bb6-ca797fe7ca1a%22:%91%22header_text_color%22,%22body_text_color%22%93}&#8221; sticky_enabled=&#8221;0&#8243; show_categories=&#8221;off&#8221; text_orientation=&#8221;left&#8221; pagination_font_size=&#8221;16px&#8221; border_width_all=&#8221;0px&#8221;][\/et_pb_blog][\/et_pb_column][\/et_pb_row][et_pb_row _builder_version=&#8221;4.20.1&#8243; _module_preset=&#8221;default&#8221; z_index=&#8221;200&#8243; width=&#8221;70%&#8221; width_tablet=&#8221;70%&#8221; width_phone=&#8221;80%&#8221; width_last_edited=&#8221;on|phone&#8221; max_width=&#8221;100%&#8221; custom_margin=&#8221;5%||||false|false&#8221; global_colors_info=&#8221;{}&#8221;][et_pb_column type=&#8221;4_4&#8243; _builder_version=&#8221;4.20.0&#8243; _module_preset=&#8221;default&#8221; hover_enabled=&#8221;0&#8243; global_colors_info=&#8221;{}&#8221; sticky_enabled=&#8221;0&#8243;][et_pb_blog fullwidth=&#8221;off&#8221; posts_number=&#8221;300&#8243; include_categories=&#8221;43&#8243; use_manual_excerpt=&#8221;off&#8221; excerpt_length=&#8221;0&#8243; show_author=&#8221;off&#8221; show_date=&#8221;off&#8221; show_pagination=&#8221;off&#8221; offset_number=&#8221;10&#8243; module_class=&#8221;dt-blog&#8221; _builder_version=&#8221;4.27.4&#8243; _module_preset=&#8221;default&#8221; header_font=&#8221;&#8211;et_global_heading_font||||||||&#8221; header_text_color=&#8221;gcid-20387cc4-cbed-4edc-8bb6-ca797fe7ca1a&#8221; body_font=&#8221;&#8211;et_global_body_font||||||||&#8221; body_text_color=&#8221;gcid-20387cc4-cbed-4edc-8bb6-ca797fe7ca1a&#8221; body_font_size=&#8221;1rem&#8221; body_letter_spacing=&#8221;0.3px&#8221; meta_font=&#8221;&#8211;et_global_body_font|800||on|||||&#8221; meta_text_color=&#8221;#5e50ac&#8221; meta_font_size=&#8221;14px&#8221; hover_enabled=&#8221;0&#8243; border_radii_image=&#8221;on|10px|10px|10px|10px&#8221; global_colors_info=&#8221;{%22gcid-20387cc4-cbed-4edc-8bb6-ca797fe7ca1a%22:%91%22header_text_color%22,%22body_text_color%22%93}&#8221; sticky_enabled=&#8221;0&#8243; show_categories=&#8221;off&#8221; show_excerpt=&#8221;off&#8221; text_orientation=&#8221;left&#8221; pagination_font_size=&#8221;16px&#8221; border_width_all=&#8221;0px&#8221;][\/et_pb_blog][\/et_pb_column][\/et_pb_row][et_pb_row _builder_version=&#8221;4.23.4&#8243; _module_preset=&#8221;default&#8221; transform_scale_last_edited=&#8221;off|desktop&#8221; transform_translate_tablet=&#8221;0px|0px&#8221; transform_translate_phone=&#8221;0px|0px&#8221; transform_translate_last_edited=&#8221;off|desktop&#8221; transform_translate_linked=&#8221;off&#8221; transform_rotate_last_edited=&#8221;off|desktop&#8221; transform_skew_last_edited=&#8221;off|desktop&#8221; transform_origin_last_edited=&#8221;off|desktop&#8221; transform_styles_last_edited=&#8221;off|desktop&#8221; width=&#8221;50%&#8221; module_alignment=&#8221;center&#8221; custom_padding=&#8221;||10px||false|false&#8221; locked=&#8221;off&#8221; global_colors_info=&#8221;{}&#8221;][et_pb_column type=&#8221;4_4&#8243; _builder_version=&#8221;4.21.0&#8243; _module_preset=&#8221;default&#8221; global_colors_info=&#8221;{}&#8221;][dsm_dual_heading before_text=&#8221;Co mog\u0142oby Ciebie jeszcze &#8221; middle_text=&#8221;zainteresowa\u0107?&#8221; _builder_version=&#8221;4.27.4&#8243; _module_preset=&#8221;default&#8221; header_font=&#8221;&#8211;et_global_heading_font||||||||&#8221; header_text_color=&#8221;gcid-20387cc4-cbed-4edc-8bb6-ca797fe7ca1a&#8221; header_font_size=&#8221;2.5rem&#8221; text_orientation=&#8221;center&#8221; custom_margin=&#8221;||0px||false|false&#8221; custom_padding=&#8221;||0px||false|false&#8221; global_colors_info=&#8221;{%22gcid-20387cc4-cbed-4edc-8bb6-ca797fe7ca1a%22:%91%22header_text_color%22%93}&#8221;][\/dsm_dual_heading][\/et_pb_column][\/et_pb_row][et_pb_row column_structure=&#8221;1_2,1_2&#8243; use_custom_gutter=&#8221;on&#8221; gutter_width=&#8221;2&#8243; _builder_version=&#8221;4.20.0&#8243; _module_preset=&#8221;default&#8221; z_index=&#8221;100&#8243; custom_margin=&#8221;0px||||false|false&#8221; custom_padding=&#8221;0px||||false|false&#8221; global_colors_info=&#8221;{}&#8221;][et_pb_column type=&#8221;1_2&#8243; _builder_version=&#8221;4.20.0&#8243; _module_preset=&#8221;default&#8221; global_colors_info=&#8221;{}&#8221;][et_pb_button button_url=&#8221;\/pl\/contactus&#8221; url_new_window=&#8221;on&#8221; button_text=&#8221;Kontakt&#8221; _builder_version=&#8221;4.27.4&#8243; _module_preset=&#8221;default&#8221; button_text_size=&#8221;1rem&#8221; button_text_color=&#8221;#FFFFFF&#8221; button_bg_color=&#8221;#5e50ac&#8221; button_bg_use_color_gradient=&#8221;on&#8221; button_bg_color_gradient_direction=&#8221;270deg&#8221; button_bg_color_gradient_stops=&#8221;gcid-20387cc4-cbed-4edc-8bb6-ca797fe7ca1a 0%|gcid-primary-color 100%&#8221; button_border_width=&#8221;1px&#8221; button_border_radius=&#8221;50px&#8221; button_font=&#8221;ClashSemibold||||||||&#8221; custom_css_main_element=&#8221;min-width:180px;||text-align:center;&#8221; global_colors_info=&#8221;{%22gcid-b44fb506-bb36-4ab9-9f94-6f99ea68da52%22:%91%22button_bg_color%22,%22button_bg_color%22,%22button_bg_color%22%93,%22gcid-heading-color%22:%91%22button_text_color%22,%22button_text_color%22,%22button_text_color%22%93,%22gcid-primary-color%22:%91%22button_bg_color_gradient_stops%22%93}&#8221; button_border_color__hover_enabled=&#8221;on|desktop&#8221; button_border_color__hover=&#8221;#816cdd&#8221;][\/et_pb_button][\/et_pb_column][et_pb_column type=&#8221;1_2&#8243; _builder_version=&#8221;4.20.0&#8243; _module_preset=&#8221;default&#8221; global_colors_info=&#8221;{}&#8221;][et_pb_button button_url=&#8221;\/pl\/blog&#8221; url_new_window=&#8221;on&#8221; button_text=&#8221;Blog&#8221; _builder_version=&#8221;4.27.4&#8243; _module_preset=&#8221;default&#8221; button_text_size=&#8221;1rem&#8221; button_text_color=&#8221;#FFFFFF&#8221; button_bg_use_color_gradient=&#8221;on&#8221; button_bg_color_gradient_direction=&#8221;270deg&#8221; button_bg_color_gradient_stops=&#8221;gcid-20387cc4-cbed-4edc-8bb6-ca797fe7ca1a 0%|gcid-primary-color 100%&#8221; button_border_width=&#8221;1px&#8221; button_border_color=&#8221;#FFFFFF&#8221; button_border_radius=&#8221;50px&#8221; button_font=&#8221;ClashSemibold||||||||&#8221; custom_css_main_element=&#8221;min-width:180px;||text-align:center;&#8221; global_colors_info=&#8221;{%22gcid-body-color%22:%91%22button_border_color%22,%22button_border_color%22%93,%22gcid-b44fb506-bb36-4ab9-9f94-6f99ea68da52%22:%91%22button_border_color%22,%22button_bg_color%22,%22button_border_color%22,%22button_bg_color%22%93,%22gcid-heading-color%22:%91%22button_text_color%22,%22button_text_color%22%93,%22gcid-primary-color%22:%91%22button_bg_color_gradient_stops%22%93}&#8221; button_border_color__hover_enabled=&#8221;on|desktop&#8221; button_border_color__hover=&#8221;&#8221;][\/et_pb_button][\/et_pb_column][\/et_pb_row][\/et_pb_section]<\/p>\n","protected":false},"excerpt":{"rendered":"<p>[et_pb_section fb_built=&#8221;1&#8243; custom_padding_last_edited=&#8221;on|phone&#8221; _builder_version=&#8221;4.27.4&#8243; _module_preset=&#8221;default&#8221; background_enable_color=&#8221;off&#8221; custom_padding=&#8221;0px||30px||false|false&#8221; custom_padding_tablet=&#8221;10%||30px||false|false&#8221; custom_padding_phone=&#8221;20%||30px||false|false&#8221; da_disable_devices=&#8221;off|off|off&#8221; global_colors_info=&#8221;{}&#8221; da_is_popup=&#8221;off&#8221; da_exit_intent=&#8221;off&#8221; da_has_close=&#8221;on&#8221; da_alt_close=&#8221;off&#8221; da_dark_close=&#8221;off&#8221; da_not_modal=&#8221;on&#8221; da_is_singular=&#8221;off&#8221; da_with_loader=&#8221;off&#8221; da_has_shadow=&#8221;on&#8221;][et_pb_row _builder_version=&#8221;4.20.0&#8243; _module_preset=&#8221;default&#8221; z_index=&#8221;100&#8243; max_width=&#8221;100%&#8221; custom_margin=&#8221;3%|auto||auto|false|false&#8221; custom_padding=&#8221;||10px||false|false&#8221; global_colors_info=&#8221;{}&#8221;][et_pb_column type=&#8221;4_4&#8243; _builder_version=&#8221;4.20.0&#8243; _module_preset=&#8221;default&#8221; global_colors_info=&#8221;{}&#8221;][et_pb_text _builder_version=&#8221;4.27.4&#8243; _module_preset=&#8221;default&#8221; header_font=&#8221;&#8211;et_global_heading_font||||||||&#8221; header_text_align=&#8221;center&#8221; header_text_color=&#8221;gcid-20387cc4-cbed-4edc-8bb6-ca797fe7ca1a&#8221; header_font_size=&#8221;3rem&#8221; header_letter_spacing=&#8221;1px&#8221; header_2_font=&#8221;&#8211;et_global_heading_font||||||||&#8221; header_2_text_color=&#8221;gcid-20387cc4-cbed-4edc-8bb6-ca797fe7ca1a&#8221; header_2_font_size=&#8221;2.5rem&#8221; header_2_letter_spacing=&#8221;1px&#8221; z_index=&#8221;100&#8243; custom_margin=&#8221;||0px||false|false&#8221; custom_padding=&#8221;||0px||false|false&#8221; header_2_text_align_tablet=&#8221;&#8221; header_2_text_align_phone=&#8221;left&#8221; header_2_text_align_last_edited=&#8221;on|phone&#8221; text_orientation_tablet=&#8221;center&#8221; text_orientation_last_edited=&#8221;off|desktop&#8221; global_colors_info=&#8221;{%22gcid-20387cc4-cbed-4edc-8bb6-ca797fe7ca1a%22:%91%22header_2_text_color%22,%22header_text_color%22%93}&#8221;] Aktualno\u015bci [\/et_pb_text][et_pb_text _builder_version=&#8221;4.27.4&#8243; _module_preset=&#8221;default&#8221; [&hellip;]<\/p>\n","protected":false},"author":1,"featured_media":0,"parent":0,"menu_order":0,"comment_status":"closed","ping_status":"closed","template":"page-news","meta":{"_acf_changed":false,"inline_featured_image":false,"footnotes":""},"class_list":["post-1420","page","type-page","status-publish","hentry"],"acf":[],"yoast_head":"<!-- This site is optimized with the Yoast SEO plugin v27.4 - https:\/\/yoast.com\/product\/yoast-seo-wordpress\/ -->\n<title>News - DBR77 Robotics<\/title>\n<meta name=\"description\" content=\"Platforma DBR77 - Sprawd\u017a nasze najnowsze wpisy, aby zdoby\u0107 najnowsze informacje z \u017cycia robot\u00f3w.\" \/>\n<meta name=\"robots\" content=\"index, follow, max-snippet:-1, max-image-preview:large, max-video-preview:-1\" \/>\n<link rel=\"canonical\" href=\"https:\/\/dbr77.com\/news\/\" \/>\n<meta property=\"og:locale\" content=\"pl_PL\" \/>\n<meta property=\"og:type\" content=\"article\" \/>\n<meta property=\"og:title\" content=\"Newsy\" \/>\n<meta property=\"og:description\" content=\"Platforma DBR77 - Sprawd\u017a nasze najnowsze wpisy, aby zdoby\u0107 najnowsze informacje z \u017cycia robot\u00f3w.\" \/>\n<meta property=\"og:url\" content=\"https:\/\/dbr77.com\/news\/\" \/>\n<meta property=\"og:site_name\" content=\"DBR77 Robotics\" \/>\n<meta property=\"article:publisher\" content=\"https:\/\/www.facebook.com\/dbr77robotics\" \/>\n<meta property=\"article:modified_time\" content=\"2026-04-06T21:13:28+00:00\" \/>\n<meta property=\"og:image\" content=\"https:\/\/dbr77.com\/wp-content\/uploads\/2023\/02\/DBR77-Cover.png\" \/>\n\t<meta property=\"og:image:width\" content=\"1200\" \/>\n\t<meta property=\"og:image:height\" content=\"630\" \/>\n\t<meta property=\"og:image:type\" content=\"image\/png\" \/>\n<meta name=\"twitter:card\" content=\"summary_large_image\" \/>\n<meta name=\"twitter:title\" content=\"Newsy\" \/>\n<meta name=\"twitter:description\" content=\"Platforma DBR77 - Sprawd\u017a nasze najnowsze wpisy, aby zdoby\u0107 najnowsze informacje z \u017cycia robot\u00f3w.\" \/>\n<meta name=\"twitter:image\" content=\"https:\/\/dbr77.com\/wp-content\/uploads\/2023\/02\/DBR77-Cover.png\" \/>\n<meta name=\"twitter:site\" content=\"@DBR77com\" \/>\n<meta name=\"twitter:label1\" content=\"Szacowany czas czytania\" \/>\n\t<meta name=\"twitter:data1\" content=\"33 minuty\" \/>\n<script type=\"application\/ld+json\" class=\"yoast-schema-graph\">{\"@context\":\"https:\\\/\\\/schema.org\",\"@graph\":[{\"@type\":\"WebPage\",\"@id\":\"https:\\\/\\\/dbr77.com\\\/news\\\/\",\"url\":\"https:\\\/\\\/dbr77.com\\\/news\\\/\",\"name\":\"News - DBR77 Robotics\",\"isPartOf\":{\"@id\":\"https:\\\/\\\/dbr77.com\\\/#website\"},\"datePublished\":\"2023-03-09T13:34:28+00:00\",\"dateModified\":\"2026-04-06T21:13:28+00:00\",\"description\":\"Platforma DBR77 - Sprawd\u017a nasze najnowsze wpisy, aby zdoby\u0107 najnowsze informacje z \u017cycia robot\u00f3w.\",\"breadcrumb\":{\"@id\":\"https:\\\/\\\/dbr77.com\\\/news\\\/#breadcrumb\"},\"inLanguage\":\"pl-PL\",\"potentialAction\":[{\"@type\":\"ReadAction\",\"target\":[\"https:\\\/\\\/dbr77.com\\\/news\\\/\"]}]},{\"@type\":\"BreadcrumbList\",\"@id\":\"https:\\\/\\\/dbr77.com\\\/news\\\/#breadcrumb\",\"itemListElement\":[{\"@type\":\"ListItem\",\"position\":1,\"name\":\"Home\",\"item\":\"https:\\\/\\\/dbr77.com\\\/front-page\\\/\"},{\"@type\":\"ListItem\",\"position\":2,\"name\":\"News\"}]},{\"@type\":\"WebSite\",\"@id\":\"https:\\\/\\\/dbr77.com\\\/#website\",\"url\":\"https:\\\/\\\/dbr77.com\\\/\",\"name\":\"DBR77 Robotics\",\"description\":\"All-in-one platform for the best digitalization\",\"publisher\":{\"@id\":\"https:\\\/\\\/dbr77.com\\\/#organization\"},\"potentialAction\":[{\"@type\":\"SearchAction\",\"target\":{\"@type\":\"EntryPoint\",\"urlTemplate\":\"https:\\\/\\\/dbr77.com\\\/?s={search_term_string}\"},\"query-input\":{\"@type\":\"PropertyValueSpecification\",\"valueRequired\":true,\"valueName\":\"search_term_string\"}}],\"inLanguage\":\"pl-PL\"},{\"@type\":\"Organization\",\"@id\":\"https:\\\/\\\/dbr77.com\\\/#organization\",\"name\":\"DBR 77 Robotics Sp\u00f3\u0142ka z ograniczon\u0105 odpowiedzialno\u015bci\u0105\",\"alternateName\":\"DBR77\",\"url\":\"https:\\\/\\\/dbr77.com\\\/\",\"logo\":{\"@type\":\"ImageObject\",\"inLanguage\":\"pl-PL\",\"@id\":\"https:\\\/\\\/dbr77.com\\\/#\\\/schema\\\/logo\\\/image\\\/\",\"url\":\"https:\\\/\\\/dbr77.com\\\/wp-content\\\/uploads\\\/2023\\\/03\\\/Media-DBR77-Color.svg\",\"contentUrl\":\"https:\\\/\\\/dbr77.com\\\/wp-content\\\/uploads\\\/2023\\\/03\\\/Media-DBR77-Color.svg\",\"width\":1014,\"height\":354,\"caption\":\"DBR 77 Robotics Sp\u00f3\u0142ka z ograniczon\u0105 odpowiedzialno\u015bci\u0105\"},\"image\":{\"@id\":\"https:\\\/\\\/dbr77.com\\\/#\\\/schema\\\/logo\\\/image\\\/\"},\"sameAs\":[\"https:\\\/\\\/www.facebook.com\\\/dbr77robotics\",\"https:\\\/\\\/x.com\\\/DBR77com\",\"https:\\\/\\\/pl.linkedin.com\\\/company\\\/dbr77com\",\"https:\\\/\\\/www.youtube.com\\\/@dbr774\",\"https:\\\/\\\/www.instagram.com\\\/dbr77robotics\",\"https:\\\/\\\/www.tiktok.com\\\/@dbr77robotics\"]}]}<\/script>\n<!-- \/ Yoast SEO plugin. -->","yoast_head_json":{"title":"News - DBR77 Robotics","description":"Platforma DBR77 - Sprawd\u017a nasze najnowsze wpisy, aby zdoby\u0107 najnowsze informacje z \u017cycia robot\u00f3w.","robots":{"index":"index","follow":"follow","max-snippet":"max-snippet:-1","max-image-preview":"max-image-preview:large","max-video-preview":"max-video-preview:-1"},"canonical":"https:\/\/dbr77.com\/news\/","og_locale":"pl_PL","og_type":"article","og_title":"Newsy","og_description":"Platforma DBR77 - Sprawd\u017a nasze najnowsze wpisy, aby zdoby\u0107 najnowsze informacje z \u017cycia robot\u00f3w.","og_url":"https:\/\/dbr77.com\/news\/","og_site_name":"DBR77 Robotics","article_publisher":"https:\/\/www.facebook.com\/dbr77robotics","article_modified_time":"2026-04-06T21:13:28+00:00","og_image":[{"width":1200,"height":630,"url":"https:\/\/dbr77.com\/wp-content\/uploads\/2023\/02\/DBR77-Cover.png","type":"image\/png"}],"twitter_card":"summary_large_image","twitter_title":"Newsy","twitter_description":"Platforma DBR77 - Sprawd\u017a nasze najnowsze wpisy, aby zdoby\u0107 najnowsze informacje z \u017cycia robot\u00f3w.","twitter_image":"https:\/\/dbr77.com\/wp-content\/uploads\/2023\/02\/DBR77-Cover.png","twitter_site":"@DBR77com","twitter_misc":{"Szacowany czas czytania":"33 minuty"},"schema":{"@context":"https:\/\/schema.org","@graph":[{"@type":"WebPage","@id":"https:\/\/dbr77.com\/news\/","url":"https:\/\/dbr77.com\/news\/","name":"News - DBR77 Robotics","isPartOf":{"@id":"https:\/\/dbr77.com\/#website"},"datePublished":"2023-03-09T13:34:28+00:00","dateModified":"2026-04-06T21:13:28+00:00","description":"Platforma DBR77 - Sprawd\u017a nasze najnowsze wpisy, aby zdoby\u0107 najnowsze informacje z \u017cycia robot\u00f3w.","breadcrumb":{"@id":"https:\/\/dbr77.com\/news\/#breadcrumb"},"inLanguage":"pl-PL","potentialAction":[{"@type":"ReadAction","target":["https:\/\/dbr77.com\/news\/"]}]},{"@type":"BreadcrumbList","@id":"https:\/\/dbr77.com\/news\/#breadcrumb","itemListElement":[{"@type":"ListItem","position":1,"name":"Home","item":"https:\/\/dbr77.com\/front-page\/"},{"@type":"ListItem","position":2,"name":"News"}]},{"@type":"WebSite","@id":"https:\/\/dbr77.com\/#website","url":"https:\/\/dbr77.com\/","name":"DBR77 Robotics","description":"All-in-one platform for the best digitalization","publisher":{"@id":"https:\/\/dbr77.com\/#organization"},"potentialAction":[{"@type":"SearchAction","target":{"@type":"EntryPoint","urlTemplate":"https:\/\/dbr77.com\/?s={search_term_string}"},"query-input":{"@type":"PropertyValueSpecification","valueRequired":true,"valueName":"search_term_string"}}],"inLanguage":"pl-PL"},{"@type":"Organization","@id":"https:\/\/dbr77.com\/#organization","name":"DBR 77 Robotics Sp\u00f3\u0142ka z ograniczon\u0105 odpowiedzialno\u015bci\u0105","alternateName":"DBR77","url":"https:\/\/dbr77.com\/","logo":{"@type":"ImageObject","inLanguage":"pl-PL","@id":"https:\/\/dbr77.com\/#\/schema\/logo\/image\/","url":"https:\/\/dbr77.com\/wp-content\/uploads\/2023\/03\/Media-DBR77-Color.svg","contentUrl":"https:\/\/dbr77.com\/wp-content\/uploads\/2023\/03\/Media-DBR77-Color.svg","width":1014,"height":354,"caption":"DBR 77 Robotics Sp\u00f3\u0142ka z ograniczon\u0105 odpowiedzialno\u015bci\u0105"},"image":{"@id":"https:\/\/dbr77.com\/#\/schema\/logo\/image\/"},"sameAs":["https:\/\/www.facebook.com\/dbr77robotics","https:\/\/x.com\/DBR77com","https:\/\/pl.linkedin.com\/company\/dbr77com","https:\/\/www.youtube.com\/@dbr774","https:\/\/www.instagram.com\/dbr77robotics","https:\/\/www.tiktok.com\/@dbr77robotics"]}]}},"_links":{"self":[{"href":"https:\/\/dbr77.com\/pl\/wp-json\/wp\/v2\/pages\/1420","targetHints":{"allow":["GET"]}}],"collection":[{"href":"https:\/\/dbr77.com\/pl\/wp-json\/wp\/v2\/pages"}],"about":[{"href":"https:\/\/dbr77.com\/pl\/wp-json\/wp\/v2\/types\/page"}],"author":[{"embeddable":true,"href":"https:\/\/dbr77.com\/pl\/wp-json\/wp\/v2\/users\/1"}],"replies":[{"embeddable":true,"href":"https:\/\/dbr77.com\/pl\/wp-json\/wp\/v2\/comments?post=1420"}],"version-history":[{"count":12,"href":"https:\/\/dbr77.com\/pl\/wp-json\/wp\/v2\/pages\/1420\/revisions"}],"predecessor-version":[{"id":28387,"href":"https:\/\/dbr77.com\/pl\/wp-json\/wp\/v2\/pages\/1420\/revisions\/28387"}],"wp:attachment":[{"href":"https:\/\/dbr77.com\/pl\/wp-json\/wp\/v2\/media?parent=1420"}],"curies":[{"name":"wp","href":"https:\/\/api.w.org\/{rel}","templated":true}]}}