{"id":10650,"date":"2024-06-12T12:35:47","date_gmt":"2024-06-12T10:35:47","guid":{"rendered":"https:\/\/dbr77.com\/?page_id=10650"},"modified":"2026-01-29T13:20:19","modified_gmt":"2026-01-29T12:20:19","slug":"case_studies","status":"publish","type":"page","link":"https:\/\/dbr77.com\/pl\/case_studies\/","title":{"rendered":"Case studies"},"content":{"rendered":"<p>[et_pb_section fb_built=&#8221;1&#8243; custom_padding_last_edited=&#8221;on|phone&#8221; _builder_version=&#8221;4.27.4&#8243; _module_preset=&#8221;default&#8221; background_enable_color=&#8221;off&#8221; custom_padding=&#8221;3%||30px||false|false&#8221; custom_padding_tablet=&#8221;10%||30px||false|false&#8221; custom_padding_phone=&#8221;20%||30px||false|false&#8221; da_disable_devices=&#8221;off|off|off&#8221; global_colors_info=&#8221;{}&#8221; da_is_popup=&#8221;off&#8221; da_exit_intent=&#8221;off&#8221; da_has_close=&#8221;on&#8221; da_alt_close=&#8221;off&#8221; da_dark_close=&#8221;off&#8221; da_not_modal=&#8221;on&#8221; da_is_singular=&#8221;off&#8221; da_with_loader=&#8221;off&#8221; da_has_shadow=&#8221;on&#8221;][et_pb_row _builder_version=&#8221;4.20.0&#8243; _module_preset=&#8221;default&#8221; z_index=&#8221;100&#8243; max_width=&#8221;100%&#8221; custom_margin=&#8221;3%|auto||auto|false|false&#8221; custom_padding=&#8221;||10px||false|false&#8221; global_colors_info=&#8221;{}&#8221;][et_pb_column type=&#8221;4_4&#8243; _builder_version=&#8221;4.20.0&#8243; _module_preset=&#8221;default&#8221; global_colors_info=&#8221;{}&#8221;][et_pb_text _builder_version=&#8221;4.27.4&#8243; _module_preset=&#8221;default&#8221; header_font=&#8221;&#8211;et_global_heading_font||||||||&#8221; header_text_align=&#8221;center&#8221; header_text_color=&#8221;gcid-20387cc4-cbed-4edc-8bb6-ca797fe7ca1a&#8221; header_font_size=&#8221;3rem&#8221; header_letter_spacing=&#8221;1px&#8221; header_2_font=&#8221;&#8211;et_global_heading_font||||||||&#8221; header_2_text_color=&#8221;gcid-20387cc4-cbed-4edc-8bb6-ca797fe7ca1a&#8221; header_2_font_size=&#8221;2.5rem&#8221; header_2_letter_spacing=&#8221;1px&#8221; z_index=&#8221;100&#8243; custom_margin=&#8221;||0px||false|false&#8221; custom_padding=&#8221;||0px||false|false&#8221; header_2_text_align_tablet=&#8221;&#8221; header_2_text_align_phone=&#8221;left&#8221; header_2_text_align_last_edited=&#8221;on|phone&#8221; text_orientation_tablet=&#8221;center&#8221; text_orientation_last_edited=&#8221;off|desktop&#8221; global_colors_info=&#8221;{%22gcid-20387cc4-cbed-4edc-8bb6-ca797fe7ca1a%22:%91%22header_text_color%22,%22header_2_text_color%22%93}&#8221;]<\/p>\n<h1>CASE STUDIES<\/h1>\n<p>[\/et_pb_text][et_pb_text _builder_version=&#8221;4.27.4&#8243; _module_preset=&#8221;default&#8221; text_font=&#8221;&#8211;et_global_body_font||||||||&#8221; text_text_color=&#8221;gcid-20387cc4-cbed-4edc-8bb6-ca797fe7ca1a&#8221; text_font_size=&#8221;1.1rem&#8221; text_letter_spacing=&#8221;0.3px&#8221; header_font=&#8221;&#8211;et_global_body_font||||||||&#8221; header_text_color=&#8221;gcid-20387cc4-cbed-4edc-8bb6-ca797fe7ca1a&#8221; header_font_size=&#8221;3rem&#8221; header_letter_spacing=&#8221;1px&#8221; header_2_font=&#8221;&#8211;et_global_body_font||||||||&#8221; header_2_text_align=&#8221;center&#8221; header_2_text_color=&#8221;#5e50ac&#8221; header_2_font_size=&#8221;2rem&#8221; header_2_letter_spacing=&#8221;1px&#8221; z_index=&#8221;100&#8243; text_orientation=&#8221;center&#8221; custom_margin=&#8221;||10px||false|false&#8221; header_2_text_align_tablet=&#8221;&#8221; header_2_text_align_phone=&#8221;left&#8221; header_2_text_align_last_edited=&#8221;on|phone&#8221; text_orientation_tablet=&#8221;center&#8221; text_orientation_last_edited=&#8221;off|desktop&#8221; global_colors_info=&#8221;{%22gcid-20387cc4-cbed-4edc-8bb6-ca797fe7ca1a%22:%91%22header_text_color%22,%22text_text_color%22%93}&#8221;]<\/p>\n<p><span style=\"font-weight: 400;\">Jak firmy rozwi\u0105za\u0142y konkretne problemy na swojej produkcji? Pokazujemy realne zastosowanie produkt\u00f3w DBR77,<\/span><span style=\"font-weight: 400;\"> z kt\u00f3rych i Ty mo\u017cesz skorzysta\u0107.<\/span><\/p>\n<p>[\/et_pb_text][\/et_pb_column][\/et_pb_row][\/et_pb_section][et_pb_section fb_built=&#8221;1&#8243; custom_padding_last_edited=&#8221;on|phone&#8221; _builder_version=&#8221;4.27.4&#8243; _module_preset=&#8221;default&#8221; background_enable_color=&#8221;off&#8221; custom_padding=&#8221;3%||30px||false|false&#8221; custom_padding_tablet=&#8221;10%||30px||false|false&#8221; custom_padding_phone=&#8221;20%||30px||false|false&#8221; top_divider_color=&#8221;gcid-b44fb506-bb36-4ab9-9f94-6f99ea68da52&#8243; da_disable_devices=&#8221;off|off|off&#8221; global_colors_info=&#8221;{%22gcid-b44fb506-bb36-4ab9-9f94-6f99ea68da52%22:%91%22top_divider_color%22%93}&#8221; da_is_popup=&#8221;off&#8221; da_exit_intent=&#8221;off&#8221; da_has_close=&#8221;on&#8221; da_alt_close=&#8221;off&#8221; da_dark_close=&#8221;off&#8221; da_not_modal=&#8221;on&#8221; da_is_singular=&#8221;off&#8221; da_with_loader=&#8221;off&#8221; da_has_shadow=&#8221;on&#8221;][et_pb_row _builder_version=&#8221;4.20.1&#8243; _module_preset=&#8221;default&#8221; z_index=&#8221;200&#8243; width=&#8221;70%&#8221; width_tablet=&#8221;70%&#8221; width_phone=&#8221;80%&#8221; width_last_edited=&#8221;on|phone&#8221; max_width=&#8221;100%&#8221; custom_margin=&#8221;5%||||false|false&#8221; global_colors_info=&#8221;{}&#8221;][et_pb_column type=&#8221;4_4&#8243; _builder_version=&#8221;4.20.0&#8243; _module_preset=&#8221;default&#8221; global_colors_info=&#8221;{}&#8221;][et_pb_blog posts_number=&#8221;200&#8243; include_categories=&#8221;108&#8243; meta_date=&#8221;d M Y &#8221; use_manual_excerpt=&#8221;off&#8221; excerpt_length=&#8221;80&#8243; show_author=&#8221;off&#8221; show_pagination=&#8221;off&#8221; module_class=&#8221;dt-blog&#8221; _builder_version=&#8221;4.27.4&#8243; _module_preset=&#8221;default&#8221; header_font=&#8221;&#8211;et_global_heading_font||||||||&#8221; header_text_color=&#8221;gcid-20387cc4-cbed-4edc-8bb6-ca797fe7ca1a&#8221; body_font=&#8221;&#8211;et_global_body_font||||||||&#8221; body_text_color=&#8221;gcid-20387cc4-cbed-4edc-8bb6-ca797fe7ca1a&#8221; body_font_size=&#8221;1rem&#8221; body_letter_spacing=&#8221;0.3px&#8221; meta_font=&#8221;&#8211;et_global_body_font|800||on|||||&#8221; meta_text_color=&#8221;gcid-primary-color&#8221; meta_font_size=&#8221;14px&#8221; read_more_text_color=&#8221;gcid-c7bed690-e7da-4784-998c-493d69ee94a1&#8243; border_radii_image=&#8221;on|10px|10px|10px|10px&#8221; border_color_all_image=&#8221;RGBA(255,255,255,0)&#8221; global_colors_info=&#8221;{%22gcid-c7bed690-e7da-4784-998c-493d69ee94a1%22:%91%22read_more_text_color%22%93,%22gcid-primary-color%22:%91%22meta_text_color%22%93,%22gcid-20387cc4-cbed-4edc-8bb6-ca797fe7ca1a%22:%91%22header_text_color%22,%22body_text_color%22%93}&#8221;][\/et_pb_blog][\/et_pb_column][\/et_pb_row][\/et_pb_section]<\/p>\n","protected":false},"excerpt":{"rendered":"<p>[et_pb_section fb_built=&#8221;1&#8243; custom_padding_last_edited=&#8221;on|phone&#8221; _builder_version=&#8221;4.27.4&#8243; _module_preset=&#8221;default&#8221; background_enable_color=&#8221;off&#8221; custom_padding=&#8221;3%||30px||false|false&#8221; custom_padding_tablet=&#8221;10%||30px||false|false&#8221; custom_padding_phone=&#8221;20%||30px||false|false&#8221; da_disable_devices=&#8221;off|off|off&#8221; global_colors_info=&#8221;{}&#8221; da_is_popup=&#8221;off&#8221; da_exit_intent=&#8221;off&#8221; da_has_close=&#8221;on&#8221; da_alt_close=&#8221;off&#8221; da_dark_close=&#8221;off&#8221; da_not_modal=&#8221;on&#8221; da_is_singular=&#8221;off&#8221; da_with_loader=&#8221;off&#8221; da_has_shadow=&#8221;on&#8221;][et_pb_row _builder_version=&#8221;4.20.0&#8243; _module_preset=&#8221;default&#8221; z_index=&#8221;100&#8243; max_width=&#8221;100%&#8221; custom_margin=&#8221;3%|auto||auto|false|false&#8221; custom_padding=&#8221;||10px||false|false&#8221; global_colors_info=&#8221;{}&#8221;][et_pb_column type=&#8221;4_4&#8243; _builder_version=&#8221;4.20.0&#8243; _module_preset=&#8221;default&#8221; global_colors_info=&#8221;{}&#8221;][et_pb_text _builder_version=&#8221;4.27.4&#8243; _module_preset=&#8221;default&#8221; header_font=&#8221;&#8211;et_global_heading_font||||||||&#8221; header_text_align=&#8221;center&#8221; header_text_color=&#8221;gcid-20387cc4-cbed-4edc-8bb6-ca797fe7ca1a&#8221; header_font_size=&#8221;3rem&#8221; header_letter_spacing=&#8221;1px&#8221; header_2_font=&#8221;&#8211;et_global_heading_font||||||||&#8221; header_2_text_color=&#8221;gcid-20387cc4-cbed-4edc-8bb6-ca797fe7ca1a&#8221; header_2_font_size=&#8221;2.5rem&#8221; header_2_letter_spacing=&#8221;1px&#8221; z_index=&#8221;100&#8243; custom_margin=&#8221;||0px||false|false&#8221; custom_padding=&#8221;||0px||false|false&#8221; header_2_text_align_tablet=&#8221;&#8221; header_2_text_align_phone=&#8221;left&#8221; header_2_text_align_last_edited=&#8221;on|phone&#8221; text_orientation_tablet=&#8221;center&#8221; text_orientation_last_edited=&#8221;off|desktop&#8221; global_colors_info=&#8221;{%22gcid-20387cc4-cbed-4edc-8bb6-ca797fe7ca1a%22:%91%22header_text_color%22,%22header_2_text_color%22%93}&#8221;] CASE STUDIES [\/et_pb_text][et_pb_text _builder_version=&#8221;4.27.4&#8243; [&hellip;]<\/p>\n","protected":false},"author":1,"featured_media":46,"parent":0,"menu_order":0,"comment_status":"closed","ping_status":"closed","template":"","meta":{"_acf_changed":false,"inline_featured_image":false,"footnotes":""},"class_list":["post-10650","page","type-page","status-publish","has-post-thumbnail","hentry"],"acf":[],"yoast_head":"<!-- This site is optimized with the Yoast SEO plugin v27.4 - https:\/\/yoast.com\/product\/yoast-seo-wordpress\/ -->\n<title>Case studies - DBR77 Robotics<\/title>\n<meta name=\"description\" content=\"Case studies\" \/>\n<meta name=\"robots\" content=\"index, follow, max-snippet:-1, max-image-preview:large, max-video-preview:-1\" \/>\n<link rel=\"canonical\" href=\"https:\/\/dbr77.com\/pl\/case_studies\/\" \/>\n<meta property=\"og:locale\" content=\"pl_PL\" \/>\n<meta property=\"og:type\" content=\"article\" \/>\n<meta property=\"og:title\" content=\"Case studies - DBR77 Robotics\" \/>\n<meta property=\"og:description\" content=\"Case studies\" \/>\n<meta property=\"og:url\" content=\"https:\/\/dbr77.com\/pl\/case_studies\/\" \/>\n<meta property=\"og:site_name\" content=\"DBR77 Robotics\" \/>\n<meta property=\"article:publisher\" content=\"https:\/\/www.facebook.com\/dbr77robotics\" \/>\n<meta property=\"article:modified_time\" content=\"2026-01-29T12:20:19+00:00\" \/>\n<meta property=\"og:image\" content=\"https:\/\/dbr77.com\/wp-content\/uploads\/2023\/02\/DBR77-Cover.png\" \/>\n\t<meta property=\"og:image:width\" content=\"1200\" \/>\n\t<meta property=\"og:image:height\" content=\"630\" \/>\n\t<meta property=\"og:image:type\" content=\"image\/png\" \/>\n<meta name=\"twitter:card\" content=\"summary_large_image\" \/>\n<meta name=\"twitter:site\" content=\"@DBR77com\" \/>\n<meta name=\"twitter:label1\" content=\"Szacowany czas czytania\" \/>\n\t<meta name=\"twitter:data1\" content=\"4 minuty\" \/>\n<script type=\"application\/ld+json\" class=\"yoast-schema-graph\">{\"@context\":\"https:\\\/\\\/schema.org\",\"@graph\":[{\"@type\":\"WebPage\",\"@id\":\"https:\\\/\\\/dbr77.com\\\/pl\\\/case_studies\\\/\",\"url\":\"https:\\\/\\\/dbr77.com\\\/pl\\\/case_studies\\\/\",\"name\":\"Case studies - DBR77 Robotics\",\"isPartOf\":{\"@id\":\"https:\\\/\\\/dbr77.com\\\/#website\"},\"primaryImageOfPage\":{\"@id\":\"https:\\\/\\\/dbr77.com\\\/pl\\\/case_studies\\\/#primaryimage\"},\"image\":{\"@id\":\"https:\\\/\\\/dbr77.com\\\/pl\\\/case_studies\\\/#primaryimage\"},\"thumbnailUrl\":\"https:\\\/\\\/dbr77.com\\\/wp-content\\\/uploads\\\/2023\\\/02\\\/DBR77-Cover.png\",\"datePublished\":\"2024-06-12T10:35:47+00:00\",\"dateModified\":\"2026-01-29T12:20:19+00:00\",\"description\":\"Case studies\",\"breadcrumb\":{\"@id\":\"https:\\\/\\\/dbr77.com\\\/pl\\\/case_studies\\\/#breadcrumb\"},\"inLanguage\":\"pl-PL\",\"potentialAction\":[{\"@type\":\"ReadAction\",\"target\":[\"https:\\\/\\\/dbr77.com\\\/pl\\\/case_studies\\\/\"]}]},{\"@type\":\"ImageObject\",\"inLanguage\":\"pl-PL\",\"@id\":\"https:\\\/\\\/dbr77.com\\\/pl\\\/case_studies\\\/#primaryimage\",\"url\":\"https:\\\/\\\/dbr77.com\\\/wp-content\\\/uploads\\\/2023\\\/02\\\/DBR77-Cover.png\",\"contentUrl\":\"https:\\\/\\\/dbr77.com\\\/wp-content\\\/uploads\\\/2023\\\/02\\\/DBR77-Cover.png\",\"width\":1200,\"height\":630,\"caption\":\"Konferencja DBR 77\"},{\"@type\":\"BreadcrumbList\",\"@id\":\"https:\\\/\\\/dbr77.com\\\/pl\\\/case_studies\\\/#breadcrumb\",\"itemListElement\":[{\"@type\":\"ListItem\",\"position\":1,\"name\":\"Home\",\"item\":\"https:\\\/\\\/dbr77.com\\\/\"},{\"@type\":\"ListItem\",\"position\":2,\"name\":\"Case studies\"}]},{\"@type\":\"WebSite\",\"@id\":\"https:\\\/\\\/dbr77.com\\\/#website\",\"url\":\"https:\\\/\\\/dbr77.com\\\/\",\"name\":\"DBR77 Robotics\",\"description\":\"All-in-one platform for the best digitalization\",\"publisher\":{\"@id\":\"https:\\\/\\\/dbr77.com\\\/#organization\"},\"potentialAction\":[{\"@type\":\"SearchAction\",\"target\":{\"@type\":\"EntryPoint\",\"urlTemplate\":\"https:\\\/\\\/dbr77.com\\\/?s={search_term_string}\"},\"query-input\":{\"@type\":\"PropertyValueSpecification\",\"valueRequired\":true,\"valueName\":\"search_term_string\"}}],\"inLanguage\":\"pl-PL\"},{\"@type\":\"Organization\",\"@id\":\"https:\\\/\\\/dbr77.com\\\/#organization\",\"name\":\"DBR 77 Robotics Sp\u00f3\u0142ka z ograniczon\u0105 odpowiedzialno\u015bci\u0105\",\"alternateName\":\"DBR77\",\"url\":\"https:\\\/\\\/dbr77.com\\\/\",\"logo\":{\"@type\":\"ImageObject\",\"inLanguage\":\"pl-PL\",\"@id\":\"https:\\\/\\\/dbr77.com\\\/#\\\/schema\\\/logo\\\/image\\\/\",\"url\":\"https:\\\/\\\/dbr77.com\\\/wp-content\\\/uploads\\\/2023\\\/03\\\/Media-DBR77-Color.svg\",\"contentUrl\":\"https:\\\/\\\/dbr77.com\\\/wp-content\\\/uploads\\\/2023\\\/03\\\/Media-DBR77-Color.svg\",\"width\":1014,\"height\":354,\"caption\":\"DBR 77 Robotics Sp\u00f3\u0142ka z ograniczon\u0105 odpowiedzialno\u015bci\u0105\"},\"image\":{\"@id\":\"https:\\\/\\\/dbr77.com\\\/#\\\/schema\\\/logo\\\/image\\\/\"},\"sameAs\":[\"https:\\\/\\\/www.facebook.com\\\/dbr77robotics\",\"https:\\\/\\\/x.com\\\/DBR77com\",\"https:\\\/\\\/pl.linkedin.com\\\/company\\\/dbr77com\",\"https:\\\/\\\/www.youtube.com\\\/@dbr774\",\"https:\\\/\\\/www.instagram.com\\\/dbr77robotics\",\"https:\\\/\\\/www.tiktok.com\\\/@dbr77robotics\"]}]}<\/script>\n<!-- \/ Yoast SEO plugin. -->","yoast_head_json":{"title":"Case studies - DBR77 Robotics","description":"Case studies","robots":{"index":"index","follow":"follow","max-snippet":"max-snippet:-1","max-image-preview":"max-image-preview:large","max-video-preview":"max-video-preview:-1"},"canonical":"https:\/\/dbr77.com\/pl\/case_studies\/","og_locale":"pl_PL","og_type":"article","og_title":"Case studies - DBR77 Robotics","og_description":"Case studies","og_url":"https:\/\/dbr77.com\/pl\/case_studies\/","og_site_name":"DBR77 Robotics","article_publisher":"https:\/\/www.facebook.com\/dbr77robotics","article_modified_time":"2026-01-29T12:20:19+00:00","og_image":[{"width":1200,"height":630,"url":"https:\/\/dbr77.com\/wp-content\/uploads\/2023\/02\/DBR77-Cover.png","type":"image\/png"}],"twitter_card":"summary_large_image","twitter_site":"@DBR77com","twitter_misc":{"Szacowany czas czytania":"4 minuty"},"schema":{"@context":"https:\/\/schema.org","@graph":[{"@type":"WebPage","@id":"https:\/\/dbr77.com\/pl\/case_studies\/","url":"https:\/\/dbr77.com\/pl\/case_studies\/","name":"Case studies - DBR77 Robotics","isPartOf":{"@id":"https:\/\/dbr77.com\/#website"},"primaryImageOfPage":{"@id":"https:\/\/dbr77.com\/pl\/case_studies\/#primaryimage"},"image":{"@id":"https:\/\/dbr77.com\/pl\/case_studies\/#primaryimage"},"thumbnailUrl":"https:\/\/dbr77.com\/wp-content\/uploads\/2023\/02\/DBR77-Cover.png","datePublished":"2024-06-12T10:35:47+00:00","dateModified":"2026-01-29T12:20:19+00:00","description":"Case studies","breadcrumb":{"@id":"https:\/\/dbr77.com\/pl\/case_studies\/#breadcrumb"},"inLanguage":"pl-PL","potentialAction":[{"@type":"ReadAction","target":["https:\/\/dbr77.com\/pl\/case_studies\/"]}]},{"@type":"ImageObject","inLanguage":"pl-PL","@id":"https:\/\/dbr77.com\/pl\/case_studies\/#primaryimage","url":"https:\/\/dbr77.com\/wp-content\/uploads\/2023\/02\/DBR77-Cover.png","contentUrl":"https:\/\/dbr77.com\/wp-content\/uploads\/2023\/02\/DBR77-Cover.png","width":1200,"height":630,"caption":"Konferencja DBR 77"},{"@type":"BreadcrumbList","@id":"https:\/\/dbr77.com\/pl\/case_studies\/#breadcrumb","itemListElement":[{"@type":"ListItem","position":1,"name":"Home","item":"https:\/\/dbr77.com\/"},{"@type":"ListItem","position":2,"name":"Case studies"}]},{"@type":"WebSite","@id":"https:\/\/dbr77.com\/#website","url":"https:\/\/dbr77.com\/","name":"DBR77 Robotics","description":"All-in-one platform for the best digitalization","publisher":{"@id":"https:\/\/dbr77.com\/#organization"},"potentialAction":[{"@type":"SearchAction","target":{"@type":"EntryPoint","urlTemplate":"https:\/\/dbr77.com\/?s={search_term_string}"},"query-input":{"@type":"PropertyValueSpecification","valueRequired":true,"valueName":"search_term_string"}}],"inLanguage":"pl-PL"},{"@type":"Organization","@id":"https:\/\/dbr77.com\/#organization","name":"DBR 77 Robotics Sp\u00f3\u0142ka z ograniczon\u0105 odpowiedzialno\u015bci\u0105","alternateName":"DBR77","url":"https:\/\/dbr77.com\/","logo":{"@type":"ImageObject","inLanguage":"pl-PL","@id":"https:\/\/dbr77.com\/#\/schema\/logo\/image\/","url":"https:\/\/dbr77.com\/wp-content\/uploads\/2023\/03\/Media-DBR77-Color.svg","contentUrl":"https:\/\/dbr77.com\/wp-content\/uploads\/2023\/03\/Media-DBR77-Color.svg","width":1014,"height":354,"caption":"DBR 77 Robotics Sp\u00f3\u0142ka z ograniczon\u0105 odpowiedzialno\u015bci\u0105"},"image":{"@id":"https:\/\/dbr77.com\/#\/schema\/logo\/image\/"},"sameAs":["https:\/\/www.facebook.com\/dbr77robotics","https:\/\/x.com\/DBR77com","https:\/\/pl.linkedin.com\/company\/dbr77com","https:\/\/www.youtube.com\/@dbr774","https:\/\/www.instagram.com\/dbr77robotics","https:\/\/www.tiktok.com\/@dbr77robotics"]}]}},"_links":{"self":[{"href":"https:\/\/dbr77.com\/pl\/wp-json\/wp\/v2\/pages\/10650","targetHints":{"allow":["GET"]}}],"collection":[{"href":"https:\/\/dbr77.com\/pl\/wp-json\/wp\/v2\/pages"}],"about":[{"href":"https:\/\/dbr77.com\/pl\/wp-json\/wp\/v2\/types\/page"}],"author":[{"embeddable":true,"href":"https:\/\/dbr77.com\/pl\/wp-json\/wp\/v2\/users\/1"}],"replies":[{"embeddable":true,"href":"https:\/\/dbr77.com\/pl\/wp-json\/wp\/v2\/comments?post=10650"}],"version-history":[{"count":27,"href":"https:\/\/dbr77.com\/pl\/wp-json\/wp\/v2\/pages\/10650\/revisions"}],"predecessor-version":[{"id":27741,"href":"https:\/\/dbr77.com\/pl\/wp-json\/wp\/v2\/pages\/10650\/revisions\/27741"}],"wp:featuredmedia":[{"embeddable":true,"href":"https:\/\/dbr77.com\/pl\/wp-json\/wp\/v2\/media\/46"}],"wp:attachment":[{"href":"https:\/\/dbr77.com\/pl\/wp-json\/wp\/v2\/media?parent=10650"}],"curies":[{"name":"wp","href":"https:\/\/api.w.org\/{rel}","templated":true}]}}