{"id":5211,"date":"2023-03-09T14:48:58","date_gmt":"2023-03-09T13:48:58","guid":{"rendered":"https:\/\/dbr77.com\/privacy-policy\/"},"modified":"2026-03-24T11:32:07","modified_gmt":"2026-03-24T10:32:07","slug":"privacy-policy","status":"publish","type":"page","link":"https:\/\/dbr77.com\/de\/privacy-policy\/","title":{"rendered":"Privacy-policy"},"content":{"rendered":"<h2>1. Allgemeine Bestimmungen.<\/h2>\n<p>1.1 Diese Datenschutzrichtlinie legt die Regeln f\u00fcr die Sammlung, Verwendung, Offenlegung, Speicherung und den Schutz personenbezogener Daten durch DBR77 fest.<br \/>\n1.2 Durch die Nutzung unserer Dienstleistungen akzeptieren Sie die Bedingungen dieser Datenschutzrichtlinie und stimmen zu oder best\u00e4tigen, dass wir Ihre personenbezogenen Daten gem\u00e4\u00df dieser Datenschutzrichtlinie sammeln, verwenden, offenlegen, speichern und sch\u00fctzen.<br \/>\n1.3 Wenn Sie uns die erforderlichen Informationen nicht zur Verf\u00fcgung stellen, k\u00f6nnen wir Ihnen m\u00f6glicherweise nicht alle unsere Dienstleistungen anbieten.<\/p>\n<h2>2. Wer ist f\u00fcr die Verarbeitung personenbezogener Daten verantwortlich?<\/h2>\n<p>2.1 Der f\u00fcr die Verarbeitung personenbezogener Daten Verantwortliche ist DBR77 ROBOTICS SP\u00d3\u0141KA Z OGRANICZON\u0104 ODPOWIEDZIALNO\u015aCI\u0104 mit Sitz in Toru\u0144, ul. \u017b\u00f3\u0142kiewskiego 31, 87-100 Toru\u0144, eingetragen im Unternehmensregister des Krajowy Rejestr S\u0105dowy, gef\u00fchrt vom Bezirksgericht in Toru\u0144, VII Wirtschaftsabteilung des Krajowy Rejestr S\u0105dowy unter der Nummer KRS 0000860440, Steuernummer NIP 8792725331, Regon 387073039, Kapital 140.500 PLN (einhundertvierzigtausendf\u00fcnfhundert Z\u0142oty).<br \/>\n2.2 Wir haben einen Datenschutzbeauftragten ernannt der detaillierte Informationen \u00fcber die Verarbeitung von Daten geben kann. Kontaktiere uns unter: contact@dbr77.com oder DBR77 ROBOTICS SP\u00d3\u0141KA Z OGRANICZON\u0104 ODPOWIEDZIALNO\u015aCI\u0104, mit Sitz in Toru\u0144, ul. \u017b\u00f3\u0142kiewskiego 31, 87-100 Toru\u0144, eingetragen im Unternehmensregister des Krajowy Rejestr S\u0105dowy, gef\u00fchrt vom Bezirksgericht in Toru\u0144, VII Wirtschaftsabteilung des Krajowy Rejestr S\u0105dowy unter der Nummer KRS 0000860440, Steuernummer NIP 8792725331, Regon 387073039, Kapital 140.500 PLN (einhundertvierzigtausendf\u00fcnfhundert Z\u0142oty).<\/p>\n<h2>3. Personenbezogene Daten<\/h2>\n<p>3.1 &#8222;Personenbezogene Daten&#8220; sind Informationen, die mit einer bestimmten Person in Verbindung gebracht werden k\u00f6nnen oder zur Identifizierung einer konkreten Person verwendet werden k\u00f6nnen, entweder allein oder in Kombination mit anderen Informationen, auf die wir Zugriff haben oder haben k\u00f6nnten. Alle \u00fcbermittelten personenbezogenen Daten werden gem\u00e4\u00df den h\u00f6chsten Sicherheits- und Vertraulichkeitsstandards verarbeitet.<\/p>\n<h2>4. Sammeln und Verwendung personenbezogener Daten<\/h2>\n<p>4.1 Wir sammeln, verarbeiten und speichern personenbezogene Daten, die wir von Ihnen und anderen Ger\u00e4ten (einschlie\u00dflich mobiler Ger\u00e4te) erhalten, w\u00e4hrend Sie unsere Dienste nutzen oder anderweitig mit uns in Verbindung treten in Bezug auf unsere Dienstleistungen.<br \/>\n4.2 Die von uns gesammelten personenbezogenen Daten beinhalten:<br \/>\nPersonenbezogene Daten, die Sie uns w\u00e4hrend der Nutzung unserer Dienstleistungen zur Verf\u00fcgung stellen:<br \/>\n(i) Vorname und Nachname<br \/>\n(ii) Identifikationsnummer<br \/>\n(iii) Standortdaten<br \/>\n(IV) Internetkennung<br \/>\n(V) Wir k\u00f6nnen auch Ihre Daten verarbeiten, um Ihre Beschwerden zu bearbeiten Die Rechtsgrundlage f\u00fcr die Verarbeitung wird unser berechtigtes Interesse an der Verteidigung gegen Anspr\u00fcche oder der Durchsetzung von Anspr\u00fcchen sein.<\/p>\n<h2>5. Speicherfrist f\u00fcr Daten<\/h2>\n<p>5.1 Wir speichern Ihre personenbezogenen Daten so lange, wie sie gem\u00e4\u00df geltendem Recht erforderlich sind und f\u00fcr unsere Gesch\u00e4ftst\u00e4tigkeit notwendig sind.<br \/>\n5.2 Wenn Sie feststellen, dass wir ungenaue Daten \u00fcber Sie gespeichert haben, k\u00f6nnen Sie uns kontaktieren und um Korrektur bitten. Eine solche Anfrage muss schriftlich oder per E-Mail eingereicht werden.<\/p>\n<h2>6. Deine Rechte<\/h2>\n<p>6.1 Im Zusammenhang mit der Verarbeitung deiner personenbezogenen Daten hast du folgende Rechte:<br \/>\na) Zugang zu den Daten haben,<br \/>\nb) Daten korrigieren,<br \/>\nc) die Einwilligung zur Verarbeitung widerrufen,<br \/>\nd) die Verarbeitung einschr\u00e4nken.<br \/>\n6.2 Du kannst auch Informationen \u00fcber die wesentlichen Bestimmungen der zwischen uns getroffenen Vereinbarungen (als gemeinsame Verantwortliche) erhalten, die unsere Pflichten im Zusammenhang mit den Vorschriften zum Schutz personenbezogener Daten erf\u00fcllen.<br \/>\n6.3 Dar\u00fcber hinaus hast du das Recht, der Verarbeitung deiner Daten zu widersprechen:<br \/>\na) wenn wir sie auf der Grundlage unseres berechtigten Interesses verarbeiten und Sie dem zugestimmt haben,<br \/>\nb) Sie haben auch das Recht, Ihre personenbezogenen Daten zu \u00fcbertragen. Sie haben das Recht, Ihre Daten von uns in einem strukturierten, g\u00e4ngigen maschinenlesbaren Format zu erhalten. Es ist m\u00f6glich, diese Daten an einen anderen Datenverantwortlichen zu \u00fcbermitteln oder die \u00dcbermittlung dieser Daten an einen anderen Datenverantwortlichen zu verlangen,<br \/>\nc) Wenn wir Sie um Ihre Zustimmung zur Verarbeitung Ihrer personenbezogenen Daten bitten, k\u00f6nnen Sie Ihre Zustimmung jederzeit widerrufen. Der Widerruf der Einwilligung hat keine Auswirkungen auf die Rechtm\u00e4\u00dfigkeit der Verarbeitung, die vor dem Widerruf auf Grundlage Ihrer Einwilligung erfolgt ist,<br \/>\nSie haben auch das Recht, eine Beschwerde bei der Aufsichtsbeh\u00f6rde f\u00fcr den Datenschutz einzureichen.<br \/>\n6.4 Wir k\u00f6nnen personenbezogene Daten weitergeben:<br \/>\na) unseren Mitarbeitern,<br \/>\nb) Kurierunternehmen,<br \/>\nc) Banken und Zahlungsdienstleistern,<br \/>\nd) anderen Subunternehmern, wenn wir ihnen Aufgaben \u00fcbertragen, die eine Verarbeitung von Daten erfordern (diese Unternehmen werden ausschlie\u00dflich auf der Grundlage eines Vertrags handeln),<br \/>\ne) befugten Beh\u00f6rden, wenn das geltende Recht dies erfordert.<\/p>\n<h2>7. Sicherheit<\/h2>\n<p>7.1 Wir sch\u00fctzen Ihre Daten durch technische und administrative Sicherheitsma\u00dfnahmen, um das Risiko von Verlust, Missbrauch, unbefugtem Zugriff, Offenlegung oder \u00c4nderung zu minimieren.<br \/>\n7.2 Einige der von uns verwendeten Sicherheitsfunktionen umfassen Firewalls und Datenverschl\u00fcsselung, physische Zugangskontrolle zu unseren Rechenzentren und Autorisierung des Zugriffs auf Informationen.<br \/>\n7.3 Wenn wir wesentliche \u00c4nderungen an der Datenschutzrichtlinie und der Art und Weise, wie wir Ihre personenbezogenen Daten nutzen, vornehmen, werden wir diese \u00c4nderungen auf dieser Seite ver\u00f6ffentlichen und uns bem\u00fchen, Sie \u00fcber wesentliche \u00c4nderungen zu informieren.<\/p>\n<p>[\/et_pb_text][\/et_pb_column][\/et_pb_row][et_pb_row _builder_version=&#8220;4.20.0&#8243; _module_preset=&#8220;default&#8220; positioning=&#8220;absolute&#8220; position_origin_a=&#8220;top_right&#8220; custom_padding=&#8220;0px||0px||true|false&#8220; global_colors_info=&#8220;{}&#8220;][et_pb_column type=&#8220;4_4&#8243; _builder_version=&#8220;4.20.0&#8243; _module_preset=&#8220;default&#8220; global_colors_info=&#8220;{}&#8220;][et_pb_image src=&#8220;https:\/\/dbr77.com\/wp-content\/uploads\/2023\/02\/Backgroundblur-F.svg&#8220; alt=&#8220;DBR77&#8243; title_text=&#8220;DBR77&#8243; _builder_version=&#8220;4.20.0&#8243; _module_preset=&#8220;default&#8220; global_colors_info=&#8220;{}&#8220;][\/et_pb_image][\/et_pb_column][\/et_pb_row][\/et_pb_section]<\/p>\n","protected":false},"excerpt":{"rendered":"<p>1. Allgemeine Bestimmungen. 1.1 Diese Datenschutzrichtlinie legt die Regeln f\u00fcr die Sammlung, Verwendung, Offenlegung, Speicherung und den Schutz personenbezogener Daten durch DBR77 fest. 1.2 Durch die Nutzung unserer Dienstleistungen akzeptieren Sie die Bedingungen dieser Datenschutzrichtlinie und stimmen zu oder best\u00e4tigen, dass wir Ihre personenbezogenen Daten gem\u00e4\u00df dieser Datenschutzrichtlinie sammeln, verwenden, offenlegen, speichern und sch\u00fctzen. 1.3 [&hellip;]<\/p>\n","protected":false},"author":1,"featured_media":3742,"parent":0,"menu_order":0,"comment_status":"closed","ping_status":"closed","template":"","meta":{"_acf_changed":false,"inline_featured_image":false,"footnotes":""},"class_list":["post-5211","page","type-page","status-publish","has-post-thumbnail","hentry"],"acf":[],"yoast_head":"<!-- This site is optimized with the Yoast SEO plugin v27.3 - https:\/\/yoast.com\/product\/yoast-seo-wordpress\/ -->\n<title>Privacy-policy - DBR77 Robotics<\/title>\n<meta name=\"description\" content=\"\u00dcberpr\u00fcfen Sie die Datenschutzrichtlinie von DBR77\" \/>\n<meta name=\"robots\" content=\"index, follow, max-snippet:-1, max-image-preview:large, max-video-preview:-1\" \/>\n<link rel=\"canonical\" href=\"https:\/\/dbr77.com\/de\/privacy-policy\/\" \/>\n<meta property=\"og:locale\" content=\"de_DE\" \/>\n<meta property=\"og:type\" content=\"article\" \/>\n<meta property=\"og:title\" content=\"Datenschutzrichtlinie\" \/>\n<meta property=\"og:description\" content=\"\u00dcberpr\u00fcfen Sie die Datenschutzrichtlinie von DBR77\" \/>\n<meta property=\"og:url\" content=\"https:\/\/dbr77.com\/de\/privacy-policy\/\" \/>\n<meta property=\"og:site_name\" content=\"DBR77 Robotics\" \/>\n<meta property=\"article:publisher\" content=\"https:\/\/www.facebook.com\/dbr77robotics\" \/>\n<meta property=\"article:modified_time\" content=\"2026-03-24T10:32:07+00:00\" \/>\n<meta property=\"og:image\" content=\"https:\/\/dbr77.com\/wp-content\/uploads\/2023\/02\/DBR77-Cover-1024x538.png\" \/>\n<meta name=\"twitter:card\" content=\"summary_large_image\" \/>\n<meta name=\"twitter:title\" content=\"Datenschutzrichtlinie\" \/>\n<meta name=\"twitter:description\" content=\"\u00dcberpr\u00fcfen Sie die Datenschutzrichtlinie von DBR77\" \/>\n<meta name=\"twitter:image\" content=\"https:\/\/dbr77.com\/wp-content\/uploads\/2023\/02\/DBR77-Cover-1024x538.png\" \/>\n<meta name=\"twitter:site\" content=\"@DBR77com\" \/>\n<meta name=\"twitter:label1\" content=\"Gesch\u00e4tzte Lesezeit\" \/>\n\t<meta name=\"twitter:data1\" content=\"5\u00a0Minuten\" \/>\n<script type=\"application\/ld+json\" class=\"yoast-schema-graph\">{\"@context\":\"https:\\\/\\\/schema.org\",\"@graph\":[{\"@type\":\"WebPage\",\"@id\":\"https:\\\/\\\/dbr77.com\\\/de\\\/privacy-policy\\\/\",\"url\":\"https:\\\/\\\/dbr77.com\\\/de\\\/privacy-policy\\\/\",\"name\":\"Privacy-policy - DBR77 Robotics\",\"isPartOf\":{\"@id\":\"https:\\\/\\\/dbr77.com\\\/#website\"},\"primaryImageOfPage\":{\"@id\":\"https:\\\/\\\/dbr77.com\\\/de\\\/privacy-policy\\\/#primaryimage\"},\"image\":{\"@id\":\"https:\\\/\\\/dbr77.com\\\/de\\\/privacy-policy\\\/#primaryimage\"},\"thumbnailUrl\":\"https:\\\/\\\/dbr77.com\\\/wp-content\\\/uploads\\\/2023\\\/02\\\/DBR77-Cover.png\",\"datePublished\":\"2023-03-09T13:48:58+00:00\",\"dateModified\":\"2026-03-24T10:32:07+00:00\",\"description\":\"\u00dcberpr\u00fcfen Sie die Datenschutzrichtlinie von DBR77\",\"breadcrumb\":{\"@id\":\"https:\\\/\\\/dbr77.com\\\/de\\\/privacy-policy\\\/#breadcrumb\"},\"inLanguage\":\"de\",\"potentialAction\":[{\"@type\":\"ReadAction\",\"target\":[\"https:\\\/\\\/dbr77.com\\\/de\\\/privacy-policy\\\/\"]}]},{\"@type\":\"ImageObject\",\"inLanguage\":\"de\",\"@id\":\"https:\\\/\\\/dbr77.com\\\/de\\\/privacy-policy\\\/#primaryimage\",\"url\":\"https:\\\/\\\/dbr77.com\\\/wp-content\\\/uploads\\\/2023\\\/02\\\/DBR77-Cover.png\",\"contentUrl\":\"https:\\\/\\\/dbr77.com\\\/wp-content\\\/uploads\\\/2023\\\/02\\\/DBR77-Cover.png\",\"width\":1200,\"height\":630,\"caption\":\"Akademia DBR77\"},{\"@type\":\"BreadcrumbList\",\"@id\":\"https:\\\/\\\/dbr77.com\\\/de\\\/privacy-policy\\\/#breadcrumb\",\"itemListElement\":[{\"@type\":\"ListItem\",\"position\":1,\"name\":\"Home\",\"item\":\"https:\\\/\\\/dbr77.com\\\/front-page\\\/\"},{\"@type\":\"ListItem\",\"position\":2,\"name\":\"Privacy-policy\"}]},{\"@type\":\"WebSite\",\"@id\":\"https:\\\/\\\/dbr77.com\\\/#website\",\"url\":\"https:\\\/\\\/dbr77.com\\\/\",\"name\":\"DBR77 Robotics\",\"description\":\"All-in-one platform for the best digitalization\",\"publisher\":{\"@id\":\"https:\\\/\\\/dbr77.com\\\/#organization\"},\"potentialAction\":[{\"@type\":\"SearchAction\",\"target\":{\"@type\":\"EntryPoint\",\"urlTemplate\":\"https:\\\/\\\/dbr77.com\\\/?s={search_term_string}\"},\"query-input\":{\"@type\":\"PropertyValueSpecification\",\"valueRequired\":true,\"valueName\":\"search_term_string\"}}],\"inLanguage\":\"de\"},{\"@type\":\"Organization\",\"@id\":\"https:\\\/\\\/dbr77.com\\\/#organization\",\"name\":\"DBR 77 Robotics Sp\u00f3\u0142ka z ograniczon\u0105 odpowiedzialno\u015bci\u0105\",\"alternateName\":\"DBR77\",\"url\":\"https:\\\/\\\/dbr77.com\\\/\",\"logo\":{\"@type\":\"ImageObject\",\"inLanguage\":\"de\",\"@id\":\"https:\\\/\\\/dbr77.com\\\/#\\\/schema\\\/logo\\\/image\\\/\",\"url\":\"https:\\\/\\\/dbr77.com\\\/wp-content\\\/uploads\\\/2023\\\/03\\\/Media-DBR77-Color.svg\",\"contentUrl\":\"https:\\\/\\\/dbr77.com\\\/wp-content\\\/uploads\\\/2023\\\/03\\\/Media-DBR77-Color.svg\",\"width\":1014,\"height\":354,\"caption\":\"DBR 77 Robotics Sp\u00f3\u0142ka z ograniczon\u0105 odpowiedzialno\u015bci\u0105\"},\"image\":{\"@id\":\"https:\\\/\\\/dbr77.com\\\/#\\\/schema\\\/logo\\\/image\\\/\"},\"sameAs\":[\"https:\\\/\\\/www.facebook.com\\\/dbr77robotics\",\"https:\\\/\\\/x.com\\\/DBR77com\",\"https:\\\/\\\/pl.linkedin.com\\\/company\\\/dbr77com\",\"https:\\\/\\\/www.youtube.com\\\/@dbr774\",\"https:\\\/\\\/www.instagram.com\\\/dbr77robotics\",\"https:\\\/\\\/www.tiktok.com\\\/@dbr77robotics\"]}]}<\/script>\n<!-- \/ Yoast SEO plugin. -->","yoast_head_json":{"title":"Privacy-policy - DBR77 Robotics","description":"\u00dcberpr\u00fcfen Sie die Datenschutzrichtlinie von DBR77","robots":{"index":"index","follow":"follow","max-snippet":"max-snippet:-1","max-image-preview":"max-image-preview:large","max-video-preview":"max-video-preview:-1"},"canonical":"https:\/\/dbr77.com\/de\/privacy-policy\/","og_locale":"de_DE","og_type":"article","og_title":"Datenschutzrichtlinie","og_description":"\u00dcberpr\u00fcfen Sie die Datenschutzrichtlinie von DBR77","og_url":"https:\/\/dbr77.com\/de\/privacy-policy\/","og_site_name":"DBR77 Robotics","article_publisher":"https:\/\/www.facebook.com\/dbr77robotics","article_modified_time":"2026-03-24T10:32:07+00:00","og_image":[{"url":"https:\/\/dbr77.com\/wp-content\/uploads\/2023\/02\/DBR77-Cover-1024x538.png","type":"","width":"","height":""}],"twitter_card":"summary_large_image","twitter_title":"Datenschutzrichtlinie","twitter_description":"\u00dcberpr\u00fcfen Sie die Datenschutzrichtlinie von DBR77","twitter_image":"https:\/\/dbr77.com\/wp-content\/uploads\/2023\/02\/DBR77-Cover-1024x538.png","twitter_site":"@DBR77com","twitter_misc":{"Gesch\u00e4tzte Lesezeit":"5\u00a0Minuten"},"schema":{"@context":"https:\/\/schema.org","@graph":[{"@type":"WebPage","@id":"https:\/\/dbr77.com\/de\/privacy-policy\/","url":"https:\/\/dbr77.com\/de\/privacy-policy\/","name":"Privacy-policy - DBR77 Robotics","isPartOf":{"@id":"https:\/\/dbr77.com\/#website"},"primaryImageOfPage":{"@id":"https:\/\/dbr77.com\/de\/privacy-policy\/#primaryimage"},"image":{"@id":"https:\/\/dbr77.com\/de\/privacy-policy\/#primaryimage"},"thumbnailUrl":"https:\/\/dbr77.com\/wp-content\/uploads\/2023\/02\/DBR77-Cover.png","datePublished":"2023-03-09T13:48:58+00:00","dateModified":"2026-03-24T10:32:07+00:00","description":"\u00dcberpr\u00fcfen Sie die Datenschutzrichtlinie von DBR77","breadcrumb":{"@id":"https:\/\/dbr77.com\/de\/privacy-policy\/#breadcrumb"},"inLanguage":"de","potentialAction":[{"@type":"ReadAction","target":["https:\/\/dbr77.com\/de\/privacy-policy\/"]}]},{"@type":"ImageObject","inLanguage":"de","@id":"https:\/\/dbr77.com\/de\/privacy-policy\/#primaryimage","url":"https:\/\/dbr77.com\/wp-content\/uploads\/2023\/02\/DBR77-Cover.png","contentUrl":"https:\/\/dbr77.com\/wp-content\/uploads\/2023\/02\/DBR77-Cover.png","width":1200,"height":630,"caption":"Akademia DBR77"},{"@type":"BreadcrumbList","@id":"https:\/\/dbr77.com\/de\/privacy-policy\/#breadcrumb","itemListElement":[{"@type":"ListItem","position":1,"name":"Home","item":"https:\/\/dbr77.com\/front-page\/"},{"@type":"ListItem","position":2,"name":"Privacy-policy"}]},{"@type":"WebSite","@id":"https:\/\/dbr77.com\/#website","url":"https:\/\/dbr77.com\/","name":"DBR77 Robotics","description":"All-in-one platform for the best digitalization","publisher":{"@id":"https:\/\/dbr77.com\/#organization"},"potentialAction":[{"@type":"SearchAction","target":{"@type":"EntryPoint","urlTemplate":"https:\/\/dbr77.com\/?s={search_term_string}"},"query-input":{"@type":"PropertyValueSpecification","valueRequired":true,"valueName":"search_term_string"}}],"inLanguage":"de"},{"@type":"Organization","@id":"https:\/\/dbr77.com\/#organization","name":"DBR 77 Robotics Sp\u00f3\u0142ka z ograniczon\u0105 odpowiedzialno\u015bci\u0105","alternateName":"DBR77","url":"https:\/\/dbr77.com\/","logo":{"@type":"ImageObject","inLanguage":"de","@id":"https:\/\/dbr77.com\/#\/schema\/logo\/image\/","url":"https:\/\/dbr77.com\/wp-content\/uploads\/2023\/03\/Media-DBR77-Color.svg","contentUrl":"https:\/\/dbr77.com\/wp-content\/uploads\/2023\/03\/Media-DBR77-Color.svg","width":1014,"height":354,"caption":"DBR 77 Robotics Sp\u00f3\u0142ka z ograniczon\u0105 odpowiedzialno\u015bci\u0105"},"image":{"@id":"https:\/\/dbr77.com\/#\/schema\/logo\/image\/"},"sameAs":["https:\/\/www.facebook.com\/dbr77robotics","https:\/\/x.com\/DBR77com","https:\/\/pl.linkedin.com\/company\/dbr77com","https:\/\/www.youtube.com\/@dbr774","https:\/\/www.instagram.com\/dbr77robotics","https:\/\/www.tiktok.com\/@dbr77robotics"]}]}},"_links":{"self":[{"href":"https:\/\/dbr77.com\/de\/wp-json\/wp\/v2\/pages\/5211","targetHints":{"allow":["GET"]}}],"collection":[{"href":"https:\/\/dbr77.com\/de\/wp-json\/wp\/v2\/pages"}],"about":[{"href":"https:\/\/dbr77.com\/de\/wp-json\/wp\/v2\/types\/page"}],"author":[{"embeddable":true,"href":"https:\/\/dbr77.com\/de\/wp-json\/wp\/v2\/users\/1"}],"replies":[{"embeddable":true,"href":"https:\/\/dbr77.com\/de\/wp-json\/wp\/v2\/comments?post=5211"}],"version-history":[{"count":5,"href":"https:\/\/dbr77.com\/de\/wp-json\/wp\/v2\/pages\/5211\/revisions"}],"predecessor-version":[{"id":28417,"href":"https:\/\/dbr77.com\/de\/wp-json\/wp\/v2\/pages\/5211\/revisions\/28417"}],"wp:featuredmedia":[{"embeddable":true,"href":"https:\/\/dbr77.com\/de\/wp-json\/wp\/v2\/media\/3742"}],"wp:attachment":[{"href":"https:\/\/dbr77.com\/de\/wp-json\/wp\/v2\/media?parent=5211"}],"curies":[{"name":"wp","href":"https:\/\/api.w.org\/{rel}","templated":true}]}}