{"id":5200,"date":"2023-03-09T14:34:28","date_gmt":"2023-03-09T13:34:28","guid":{"rendered":"https:\/\/dbr77.com\/neuigkeiten\/"},"modified":"2025-08-18T10:56:59","modified_gmt":"2025-08-18T08:56:59","slug":"neuigkeiten","status":"publish","type":"page","link":"https:\/\/dbr77.com\/neuigkeiten\/","title":{"rendered":"Neuigkeiten"},"content":{"rendered":"<p>[et_pb_section fb_built=&#8220;1&#8243; custom_padding_last_edited=&#8220;on|phone&#8220; _builder_version=&#8220;4.27.4&#8243; _module_preset=&#8220;default&#8220; background_enable_color=&#8220;off&#8220; custom_padding=&#8220;10%||30px||false|false&#8220; custom_padding_tablet=&#8220;10%||30px||false|false&#8220; custom_padding_phone=&#8220;20%||30px||false|false&#8220; da_disable_devices=&#8220;off|off|off&#8220; global_colors_info=&#8220;{}&#8220; da_is_popup=&#8220;off&#8220; da_exit_intent=&#8220;off&#8220; da_has_close=&#8220;on&#8220; da_alt_close=&#8220;off&#8220; da_dark_close=&#8220;off&#8220; da_not_modal=&#8220;on&#8220; da_is_singular=&#8220;off&#8220; da_with_loader=&#8220;off&#8220; da_has_shadow=&#8220;on&#8220;][et_pb_row _builder_version=&#8220;4.20.0&#8243; _module_preset=&#8220;default&#8220; z_index=&#8220;100&#8243; max_width=&#8220;100%&#8220; custom_margin=&#8220;3%|auto||auto|false|false&#8220; custom_padding=&#8220;||10px||false|false&#8220; global_colors_info=&#8220;{}&#8220;][et_pb_column type=&#8220;4_4&#8243; _builder_version=&#8220;4.20.0&#8243; _module_preset=&#8220;default&#8220; global_colors_info=&#8220;{}&#8220;][et_pb_text _builder_version=&#8220;4.27.4&#8243; _module_preset=&#8220;default&#8220; header_font=&#8220;&#8211;et_global_heading_font|900|||||||&#8220; header_text_align=&#8220;center&#8220; header_text_color=&#8220;gcid-20387cc4-cbed-4edc-8bb6-ca797fe7ca1a&#8220; header_font_size=&#8220;3rem&#8220; header_letter_spacing=&#8220;1px&#8220; header_2_font=&#8220;ClashBold||||||||&#8220; header_2_font_size=&#8220;2.5rem&#8220; header_2_letter_spacing=&#8220;1px&#8220; z_index=&#8220;100&#8243; custom_margin=&#8220;||0px||false|false&#8220; custom_padding=&#8220;||0px||false|false&#8220; header_2_text_align_tablet=&#8220;&#8220; header_2_text_align_phone=&#8220;left&#8220; header_2_text_align_last_edited=&#8220;on|phone&#8220; text_orientation_tablet=&#8220;center&#8220; text_orientation_last_edited=&#8220;off|desktop&#8220; global_colors_info=&#8220;{%22gcid-20387cc4-cbed-4edc-8bb6-ca797fe7ca1a%22:%91%22header_text_color%22%93}&#8220;]<\/p>\n<h1>Neuigkeiten<\/h1>\n<p>[\/et_pb_text][et_pb_text _builder_version=&#8220;4.27.4&#8243; _module_preset=&#8220;default&#8220; text_font=&#8220;&#8211;et_global_body_font||||||||&#8220; text_text_color=&#8220;gcid-20387cc4-cbed-4edc-8bb6-ca797fe7ca1a&#8220; text_font_size=&#8220;1.1rem&#8220; text_letter_spacing=&#8220;0.3px&#8220; header_font=&#8220;ClashBold||||||||&#8220; header_font_size=&#8220;3rem&#8220; header_letter_spacing=&#8220;1px&#8220; header_2_font=&#8220;ClashBold||||||||&#8220; header_2_text_align=&#8220;center&#8220; header_2_text_color=&#8220;#5e50ac&#8220; header_2_font_size=&#8220;2rem&#8220; header_2_letter_spacing=&#8220;1px&#8220; z_index=&#8220;100&#8243; text_orientation=&#8220;center&#8220; custom_margin=&#8220;||10px||false|false&#8220; header_2_text_align_tablet=&#8220;&#8220; header_2_text_align_phone=&#8220;left&#8220; header_2_text_align_last_edited=&#8220;on|phone&#8220; text_orientation_tablet=&#8220;center&#8220; text_orientation_last_edited=&#8220;off|desktop&#8220; global_colors_info=&#8220;{%22gcid-20387cc4-cbed-4edc-8bb6-ca797fe7ca1a%22:%91%22text_text_color%22%93}&#8220;]<\/p>\n<p><span>Die neuesten Informationen aus dem Leben der Roboter<\/span><\/p>\n<p>[\/et_pb_text][\/et_pb_column][\/et_pb_row][et_pb_row _builder_version=&#8220;4.20.1&#8243; _module_preset=&#8220;default&#8220; z_index=&#8220;200&#8243; width=&#8220;70%&#8220; width_tablet=&#8220;70%&#8220; width_phone=&#8220;80%&#8220; width_last_edited=&#8220;on|phone&#8220; max_width=&#8220;100%&#8220; custom_margin=&#8220;5%||||false|false&#8220; global_colors_info=&#8220;{}&#8220;][et_pb_column type=&#8220;4_4&#8243; _builder_version=&#8220;4.20.0&#8243; _module_preset=&#8220;default&#8220; global_colors_info=&#8220;{}&#8220;][et_pb_blog posts_number=&#8220;200&#8243; include_categories=&#8220;43&#8243; use_manual_excerpt=&#8220;off&#8220; excerpt_length=&#8220;280&#8243; show_author=&#8220;off&#8220; show_date=&#8220;off&#8220; show_pagination=&#8220;off&#8220; module_class=&#8220;dt-blog&#8220; _builder_version=&#8220;4.27.4&#8243; _module_preset=&#8220;default&#8220; header_font=&#8220;&#8211;et_global_heading_font|900|||||||&#8220; header_text_color=&#8220;gcid-20387cc4-cbed-4edc-8bb6-ca797fe7ca1a&#8220; body_font=&#8220;&#8211;et_global_body_font|900|||||||&#8220; body_text_color=&#8220;gcid-20387cc4-cbed-4edc-8bb6-ca797fe7ca1a&#8220; body_font_size=&#8220;1rem&#8220; body_letter_spacing=&#8220;0.3px&#8220; meta_font=&#8220;&#8211;et_global_heading_font|800||on|||||&#8220; meta_text_color=&#8220;#5e50ac&#8220; meta_font_size=&#8220;14px&#8220; hover_enabled=&#8220;0&#8243; border_radii_image=&#8220;on|10px|10px|10px|10px&#8220; global_colors_info=&#8220;{%22gcid-20387cc4-cbed-4edc-8bb6-ca797fe7ca1a%22:%91%22header_text_color%22,%22body_text_color%22%93}&#8220; sticky_enabled=&#8220;0&#8243;][\/et_pb_blog][\/et_pb_column][\/et_pb_row][et_pb_row _builder_version=&#8220;4.21.0&#8243; _module_preset=&#8220;default&#8220; transform_scale_tablet=&#8220;&#8220; transform_scale_phone=&#8220;&#8220; transform_scale_last_edited=&#8220;on|desktop&#8220; transform_translate=&#8220;199px|0px&#8220; transform_translate_tablet=&#8220;0px|0px&#8220; transform_translate_phone=&#8220;0px|0px&#8220; transform_translate_last_edited=&#8220;on|desktop&#8220; transform_rotate_tablet=&#8220;&#8220; transform_rotate_phone=&#8220;&#8220; transform_rotate_last_edited=&#8220;on|desktop&#8220; transform_skew_tablet=&#8220;&#8220; transform_skew_phone=&#8220;&#8220; transform_skew_last_edited=&#8220;on|desktop&#8220; transform_origin_tablet=&#8220;&#8220; transform_origin_phone=&#8220;&#8220; transform_origin_last_edited=&#8220;on|desktop&#8220; transform_styles_last_edited=&#8220;on|desktop&#8220; width=&#8220;50%&#8220; module_alignment=&#8220;center&#8220; custom_padding=&#8220;||34px|||&#8220; transform_styles_tablet=&#8220;&#8220; transform_styles_phone=&#8220;&#8220; locked=&#8220;off&#8220; global_colors_info=&#8220;{}&#8220;][et_pb_column type=&#8220;4_4&#8243; _builder_version=&#8220;4.21.0&#8243; _module_preset=&#8220;default&#8220; global_colors_info=&#8220;{}&#8220;][dsm_dual_heading before_text=&#8220;Was k\u00f6nnte dich noch &#8220; middle_text=&#8220;interessieren?&#8220; _builder_version=&#8220;4.27.4&#8243; _module_preset=&#8220;default&#8220; header_text_color=&#8220;gcid-20387cc4-cbed-4edc-8bb6-ca797fe7ca1a&#8220; header_font_size=&#8220;34px&#8220; text_orientation=&#8220;center&#8220; global_colors_info=&#8220;{%22gcid-20387cc4-cbed-4edc-8bb6-ca797fe7ca1a%22:%91%22header_text_color%22%93}&#8220;][\/dsm_dual_heading][\/et_pb_column][\/et_pb_row][et_pb_row column_structure=&#8220;1_2,1_2&#8243; use_custom_gutter=&#8220;on&#8220; gutter_width=&#8220;2&#8243; _builder_version=&#8220;4.20.0&#8243; _module_preset=&#8220;default&#8220; z_index=&#8220;100&#8243; custom_margin=&#8220;0px||||false|false&#8220; custom_padding=&#8220;0px||||false|false&#8220; global_colors_info=&#8220;{}&#8220;][et_pb_column type=&#8220;1_2&#8243; _builder_version=&#8220;4.20.0&#8243; _module_preset=&#8220;default&#8220; global_colors_info=&#8220;{}&#8220;][et_pb_button button_url=&#8220;https:\/\/dbr77.com\/de\/kontakt\/&#8220; button_text=&#8220;Kontakt&#8220; button_alignment=&#8220;right&#8220; button_alignment_tablet=&#8220;right&#8220; button_alignment_phone=&#8220;center&#8220; button_alignment_last_edited=&#8220;on|phone&#8220; _builder_version=&#8220;4.27.4&#8243; _module_preset=&#8220;default&#8220; button_text_size=&#8220;1rem&#8220; button_text_color=&#8220;#FFFFFF&#8220; button_bg_color=&#8220;#5e50ac&#8220; button_border_width=&#8220;1px&#8220; button_border_color=&#8220;gcid-20387cc4-cbed-4edc-8bb6-ca797fe7ca1a&#8220; button_border_radius=&#8220;50px&#8220; button_font=&#8220;&#8211;et_global_heading_font|900|||||||&#8220; custom_margin_tablet=&#8220;&#8220; custom_margin_phone=&#8220;||||false|false&#8220; custom_margin_last_edited=&#8220;on|phone&#8220; custom_padding=&#8220;12px|40px|12px|40px|true|true&#8220; box_shadow_style=&#8220;preset1&#8243; box_shadow_vertical=&#8220;0px&#8220; box_shadow_blur=&#8220;0px&#8220; box_shadow_color=&#8220;#5e50ac&#8220; global_colors_info=&#8220;{%22gcid-b44fb506-bb36-4ab9-9f94-6f99ea68da52%22:%91%22button_bg_color%22%93,%22gcid-heading-color%22:%91%22button_text_color%22%93,%22gcid-20387cc4-cbed-4edc-8bb6-ca797fe7ca1a%22:%91%22button_border_color%22%93}&#8220; button_border_color__hover=&#8220;#816cdd&#8220;][\/et_pb_button][\/et_pb_column][et_pb_column type=&#8220;1_2&#8243; _builder_version=&#8220;4.20.0&#8243; _module_preset=&#8220;default&#8220; global_colors_info=&#8220;{}&#8220;][et_pb_button button_url=&#8220;https:\/\/community.dbr77.com\/&#8220; url_new_window=&#8220;on&#8220; button_text=&#8220;Community&#8220; button_alignment=&#8220;left&#8220; button_alignment_tablet=&#8220;left&#8220; button_alignment_phone=&#8220;center&#8220; button_alignment_last_edited=&#8220;on|phone&#8220; _builder_version=&#8220;4.27.4&#8243; _module_preset=&#8220;default&#8220; button_text_size=&#8220;1rem&#8220; button_text_color=&#8220;#FFFFFF&#8220; button_bg_color=&#8220;gcid-primary-color&#8220; button_border_width=&#8220;1px&#8220; button_border_color=&#8220;gcid-20387cc4-cbed-4edc-8bb6-ca797fe7ca1a&#8220; button_border_radius=&#8220;50px&#8220; button_font=&#8220;&#8211;et_global_heading_font|900|||||||&#8220; custom_margin=&#8220;||0px||false|false&#8220; custom_padding=&#8220;12px|40px|12px|40px|true|true&#8220; box_shadow_style=&#8220;preset1&#8243; box_shadow_vertical=&#8220;0px&#8220; box_shadow_blur=&#8220;0px&#8220; box_shadow_color=&#8220;rgba(0,0,0,0.5)&#8220; global_colors_info=&#8220;{%22gcid-b44fb506-bb36-4ab9-9f94-6f99ea68da52%22:%91%22button_bg_color%22%93,%22gcid-heading-color%22:%91%22button_text_color%22,%22button_text_color%22%93,%22gcid-primary-color%22:%91%22button_bg_color%22%93,%22gcid-20387cc4-cbed-4edc-8bb6-ca797fe7ca1a%22:%91%22button_border_color%22%93}&#8220;][\/et_pb_button][\/et_pb_column][\/et_pb_row][\/et_pb_section]<\/p>\n","protected":false},"excerpt":{"rendered":"<p>[et_pb_section fb_built=&#8220;1&#8243; custom_padding_last_edited=&#8220;on|phone&#8220; _builder_version=&#8220;4.27.4&#8243; _module_preset=&#8220;default&#8220; background_enable_color=&#8220;off&#8220; custom_padding=&#8220;10%||30px||false|false&#8220; custom_padding_tablet=&#8220;10%||30px||false|false&#8220; custom_padding_phone=&#8220;20%||30px||false|false&#8220; da_disable_devices=&#8220;off|off|off&#8220; global_colors_info=&#8220;{}&#8220; da_is_popup=&#8220;off&#8220; da_exit_intent=&#8220;off&#8220; da_has_close=&#8220;on&#8220; da_alt_close=&#8220;off&#8220; da_dark_close=&#8220;off&#8220; da_not_modal=&#8220;on&#8220; da_is_singular=&#8220;off&#8220; da_with_loader=&#8220;off&#8220; da_has_shadow=&#8220;on&#8220;][et_pb_row _builder_version=&#8220;4.20.0&#8243; _module_preset=&#8220;default&#8220; z_index=&#8220;100&#8243; max_width=&#8220;100%&#8220; custom_margin=&#8220;3%|auto||auto|false|false&#8220; custom_padding=&#8220;||10px||false|false&#8220; global_colors_info=&#8220;{}&#8220;][et_pb_column type=&#8220;4_4&#8243; _builder_version=&#8220;4.20.0&#8243; _module_preset=&#8220;default&#8220; global_colors_info=&#8220;{}&#8220;][et_pb_text _builder_version=&#8220;4.27.4&#8243; _module_preset=&#8220;default&#8220; header_font=&#8220;&#8211;et_global_heading_font|900|||||||&#8220; header_text_align=&#8220;center&#8220; header_text_color=&#8220;gcid-20387cc4-cbed-4edc-8bb6-ca797fe7ca1a&#8220; header_font_size=&#8220;3rem&#8220; header_letter_spacing=&#8220;1px&#8220; header_2_font=&#8220;ClashBold||||||||&#8220; header_2_font_size=&#8220;2.5rem&#8220; header_2_letter_spacing=&#8220;1px&#8220; z_index=&#8220;100&#8243; custom_margin=&#8220;||0px||false|false&#8220; custom_padding=&#8220;||0px||false|false&#8220; header_2_text_align_tablet=&#8220;&#8220; header_2_text_align_phone=&#8220;left&#8220; header_2_text_align_last_edited=&#8220;on|phone&#8220; text_orientation_tablet=&#8220;center&#8220; text_orientation_last_edited=&#8220;off|desktop&#8220; global_colors_info=&#8220;{%22gcid-20387cc4-cbed-4edc-8bb6-ca797fe7ca1a%22:%91%22header_text_color%22%93}&#8220;] Neuigkeiten [\/et_pb_text][et_pb_text _builder_version=&#8220;4.27.4&#8243; _module_preset=&#8220;default&#8220; text_font=&#8220;&#8211;et_global_body_font||||||||&#8220; [&hellip;]<\/p>\n","protected":false},"author":1,"featured_media":0,"parent":0,"menu_order":0,"comment_status":"closed","ping_status":"closed","template":"page-news","meta":{"_acf_changed":false,"inline_featured_image":false,"footnotes":""},"class_list":["post-5200","page","type-page","status-publish","hentry"],"acf":[],"yoast_head":"<!-- This site is optimized with the Yoast SEO plugin v27.4 - https:\/\/yoast.com\/product\/yoast-seo-wordpress\/ -->\n<title>Neuigkeiten - DBR77 Robotics<\/title>\n<meta name=\"description\" content=\"DBR77-Plattform - \u00dcberpr\u00fcfen Sie unsere neuesten Beitr\u00e4ge, um die neuesten Informationen aus dem Leben der Roboter zu erhalten.\" \/>\n<meta name=\"robots\" content=\"index, follow, max-snippet:-1, max-image-preview:large, max-video-preview:-1\" \/>\n<link rel=\"canonical\" href=\"https:\/\/dbr77.com\/de\/neuigkeiten\/\" \/>\n<meta property=\"og:locale\" content=\"de_DE\" \/>\n<meta property=\"og:type\" content=\"article\" \/>\n<meta property=\"og:title\" content=\"Neuigkeiten\" \/>\n<meta property=\"og:description\" content=\"DBR77-Plattform - \u00dcberpr\u00fcfen Sie unsere neuesten Beitr\u00e4ge, um die neuesten Informationen aus dem Leben der Roboter zu erhalten.\" \/>\n<meta property=\"og:url\" content=\"https:\/\/dbr77.com\/de\/neuigkeiten\/\" \/>\n<meta property=\"og:site_name\" content=\"DBR77 Robotics\" \/>\n<meta property=\"article:publisher\" content=\"https:\/\/www.facebook.com\/dbr77robotics\" \/>\n<meta property=\"article:modified_time\" content=\"2025-08-18T08:56:59+00:00\" \/>\n<meta property=\"og:image\" content=\"https:\/\/dbr77.com\/wp-content\/uploads\/2023\/02\/DBR77-Cover-1024x538.png\" \/>\n<meta name=\"twitter:card\" content=\"summary_large_image\" \/>\n<meta name=\"twitter:title\" content=\"Neuigkeiten\" \/>\n<meta name=\"twitter:description\" content=\"DBR77-Plattform - \u00dcberpr\u00fcfen Sie unsere neuesten Beitr\u00e4ge, um die neuesten Informationen aus dem Leben der Roboter zu erhalten.\" \/>\n<meta name=\"twitter:image\" content=\"https:\/\/dbr77.com\/wp-content\/uploads\/2023\/02\/DBR77-Cover-1024x538.png\" \/>\n<meta name=\"twitter:site\" content=\"@DBR77com\" \/>\n<meta name=\"twitter:label1\" content=\"Gesch\u00e4tzte Lesezeit\" \/>\n\t<meta name=\"twitter:data1\" content=\"5\u00a0Minuten\" \/>\n<script type=\"application\/ld+json\" class=\"yoast-schema-graph\">{\"@context\":\"https:\\\/\\\/schema.org\",\"@graph\":[{\"@type\":\"WebPage\",\"@id\":\"https:\\\/\\\/dbr77.com\\\/de\\\/neuigkeiten\\\/\",\"url\":\"https:\\\/\\\/dbr77.com\\\/de\\\/neuigkeiten\\\/\",\"name\":\"Neuigkeiten - DBR77 Robotics\",\"isPartOf\":{\"@id\":\"https:\\\/\\\/dbr77.com\\\/#website\"},\"datePublished\":\"2023-03-09T13:34:28+00:00\",\"dateModified\":\"2025-08-18T08:56:59+00:00\",\"description\":\"DBR77-Plattform - \u00dcberpr\u00fcfen Sie unsere neuesten Beitr\u00e4ge, um die neuesten Informationen aus dem Leben der Roboter zu erhalten.\",\"breadcrumb\":{\"@id\":\"https:\\\/\\\/dbr77.com\\\/de\\\/neuigkeiten\\\/#breadcrumb\"},\"inLanguage\":\"de\",\"potentialAction\":[{\"@type\":\"ReadAction\",\"target\":[\"https:\\\/\\\/dbr77.com\\\/de\\\/neuigkeiten\\\/\"]}]},{\"@type\":\"BreadcrumbList\",\"@id\":\"https:\\\/\\\/dbr77.com\\\/de\\\/neuigkeiten\\\/#breadcrumb\",\"itemListElement\":[{\"@type\":\"ListItem\",\"position\":1,\"name\":\"Home\",\"item\":\"https:\\\/\\\/dbr77.com\\\/front-page\\\/\"},{\"@type\":\"ListItem\",\"position\":2,\"name\":\"Neuigkeiten\"}]},{\"@type\":\"WebSite\",\"@id\":\"https:\\\/\\\/dbr77.com\\\/#website\",\"url\":\"https:\\\/\\\/dbr77.com\\\/\",\"name\":\"DBR77 Robotics\",\"description\":\"All-in-one platform for the best digitalization\",\"publisher\":{\"@id\":\"https:\\\/\\\/dbr77.com\\\/#organization\"},\"potentialAction\":[{\"@type\":\"SearchAction\",\"target\":{\"@type\":\"EntryPoint\",\"urlTemplate\":\"https:\\\/\\\/dbr77.com\\\/?s={search_term_string}\"},\"query-input\":{\"@type\":\"PropertyValueSpecification\",\"valueRequired\":true,\"valueName\":\"search_term_string\"}}],\"inLanguage\":\"de\"},{\"@type\":\"Organization\",\"@id\":\"https:\\\/\\\/dbr77.com\\\/#organization\",\"name\":\"DBR 77 Robotics Sp\u00f3\u0142ka z ograniczon\u0105 odpowiedzialno\u015bci\u0105\",\"alternateName\":\"DBR77\",\"url\":\"https:\\\/\\\/dbr77.com\\\/\",\"logo\":{\"@type\":\"ImageObject\",\"inLanguage\":\"de\",\"@id\":\"https:\\\/\\\/dbr77.com\\\/#\\\/schema\\\/logo\\\/image\\\/\",\"url\":\"https:\\\/\\\/dbr77.com\\\/wp-content\\\/uploads\\\/2023\\\/03\\\/Media-DBR77-Color.svg\",\"contentUrl\":\"https:\\\/\\\/dbr77.com\\\/wp-content\\\/uploads\\\/2023\\\/03\\\/Media-DBR77-Color.svg\",\"width\":1014,\"height\":354,\"caption\":\"DBR 77 Robotics Sp\u00f3\u0142ka z ograniczon\u0105 odpowiedzialno\u015bci\u0105\"},\"image\":{\"@id\":\"https:\\\/\\\/dbr77.com\\\/#\\\/schema\\\/logo\\\/image\\\/\"},\"sameAs\":[\"https:\\\/\\\/www.facebook.com\\\/dbr77robotics\",\"https:\\\/\\\/x.com\\\/DBR77com\",\"https:\\\/\\\/pl.linkedin.com\\\/company\\\/dbr77com\",\"https:\\\/\\\/www.youtube.com\\\/@dbr774\",\"https:\\\/\\\/www.instagram.com\\\/dbr77robotics\",\"https:\\\/\\\/www.tiktok.com\\\/@dbr77robotics\"]}]}<\/script>\n<!-- \/ Yoast SEO plugin. -->","yoast_head_json":{"title":"Neuigkeiten - DBR77 Robotics","description":"DBR77-Plattform - \u00dcberpr\u00fcfen Sie unsere neuesten Beitr\u00e4ge, um die neuesten Informationen aus dem Leben der Roboter zu erhalten.","robots":{"index":"index","follow":"follow","max-snippet":"max-snippet:-1","max-image-preview":"max-image-preview:large","max-video-preview":"max-video-preview:-1"},"canonical":"https:\/\/dbr77.com\/de\/neuigkeiten\/","og_locale":"de_DE","og_type":"article","og_title":"Neuigkeiten","og_description":"DBR77-Plattform - \u00dcberpr\u00fcfen Sie unsere neuesten Beitr\u00e4ge, um die neuesten Informationen aus dem Leben der Roboter zu erhalten.","og_url":"https:\/\/dbr77.com\/de\/neuigkeiten\/","og_site_name":"DBR77 Robotics","article_publisher":"https:\/\/www.facebook.com\/dbr77robotics","article_modified_time":"2025-08-18T08:56:59+00:00","og_image":[{"url":"https:\/\/dbr77.com\/wp-content\/uploads\/2023\/02\/DBR77-Cover-1024x538.png","type":"","width":"","height":""}],"twitter_card":"summary_large_image","twitter_title":"Neuigkeiten","twitter_description":"DBR77-Plattform - \u00dcberpr\u00fcfen Sie unsere neuesten Beitr\u00e4ge, um die neuesten Informationen aus dem Leben der Roboter zu erhalten.","twitter_image":"https:\/\/dbr77.com\/wp-content\/uploads\/2023\/02\/DBR77-Cover-1024x538.png","twitter_site":"@DBR77com","twitter_misc":{"Gesch\u00e4tzte Lesezeit":"5\u00a0Minuten"},"schema":{"@context":"https:\/\/schema.org","@graph":[{"@type":"WebPage","@id":"https:\/\/dbr77.com\/de\/neuigkeiten\/","url":"https:\/\/dbr77.com\/de\/neuigkeiten\/","name":"Neuigkeiten - DBR77 Robotics","isPartOf":{"@id":"https:\/\/dbr77.com\/#website"},"datePublished":"2023-03-09T13:34:28+00:00","dateModified":"2025-08-18T08:56:59+00:00","description":"DBR77-Plattform - \u00dcberpr\u00fcfen Sie unsere neuesten Beitr\u00e4ge, um die neuesten Informationen aus dem Leben der Roboter zu erhalten.","breadcrumb":{"@id":"https:\/\/dbr77.com\/de\/neuigkeiten\/#breadcrumb"},"inLanguage":"de","potentialAction":[{"@type":"ReadAction","target":["https:\/\/dbr77.com\/de\/neuigkeiten\/"]}]},{"@type":"BreadcrumbList","@id":"https:\/\/dbr77.com\/de\/neuigkeiten\/#breadcrumb","itemListElement":[{"@type":"ListItem","position":1,"name":"Home","item":"https:\/\/dbr77.com\/front-page\/"},{"@type":"ListItem","position":2,"name":"Neuigkeiten"}]},{"@type":"WebSite","@id":"https:\/\/dbr77.com\/#website","url":"https:\/\/dbr77.com\/","name":"DBR77 Robotics","description":"All-in-one platform for the best digitalization","publisher":{"@id":"https:\/\/dbr77.com\/#organization"},"potentialAction":[{"@type":"SearchAction","target":{"@type":"EntryPoint","urlTemplate":"https:\/\/dbr77.com\/?s={search_term_string}"},"query-input":{"@type":"PropertyValueSpecification","valueRequired":true,"valueName":"search_term_string"}}],"inLanguage":"de"},{"@type":"Organization","@id":"https:\/\/dbr77.com\/#organization","name":"DBR 77 Robotics Sp\u00f3\u0142ka z ograniczon\u0105 odpowiedzialno\u015bci\u0105","alternateName":"DBR77","url":"https:\/\/dbr77.com\/","logo":{"@type":"ImageObject","inLanguage":"de","@id":"https:\/\/dbr77.com\/#\/schema\/logo\/image\/","url":"https:\/\/dbr77.com\/wp-content\/uploads\/2023\/03\/Media-DBR77-Color.svg","contentUrl":"https:\/\/dbr77.com\/wp-content\/uploads\/2023\/03\/Media-DBR77-Color.svg","width":1014,"height":354,"caption":"DBR 77 Robotics Sp\u00f3\u0142ka z ograniczon\u0105 odpowiedzialno\u015bci\u0105"},"image":{"@id":"https:\/\/dbr77.com\/#\/schema\/logo\/image\/"},"sameAs":["https:\/\/www.facebook.com\/dbr77robotics","https:\/\/x.com\/DBR77com","https:\/\/pl.linkedin.com\/company\/dbr77com","https:\/\/www.youtube.com\/@dbr774","https:\/\/www.instagram.com\/dbr77robotics","https:\/\/www.tiktok.com\/@dbr77robotics"]}]}},"_links":{"self":[{"href":"https:\/\/dbr77.com\/de\/wp-json\/wp\/v2\/pages\/5200","targetHints":{"allow":["GET"]}}],"collection":[{"href":"https:\/\/dbr77.com\/de\/wp-json\/wp\/v2\/pages"}],"about":[{"href":"https:\/\/dbr77.com\/de\/wp-json\/wp\/v2\/types\/page"}],"author":[{"embeddable":true,"href":"https:\/\/dbr77.com\/de\/wp-json\/wp\/v2\/users\/1"}],"replies":[{"embeddable":true,"href":"https:\/\/dbr77.com\/de\/wp-json\/wp\/v2\/comments?post=5200"}],"version-history":[{"count":5,"href":"https:\/\/dbr77.com\/de\/wp-json\/wp\/v2\/pages\/5200\/revisions"}],"predecessor-version":[{"id":25418,"href":"https:\/\/dbr77.com\/de\/wp-json\/wp\/v2\/pages\/5200\/revisions\/25418"}],"wp:attachment":[{"href":"https:\/\/dbr77.com\/de\/wp-json\/wp\/v2\/media?parent=5200"}],"curies":[{"name":"wp","href":"https:\/\/api.w.org\/{rel}","templated":true}]}}