{"id":5119,"date":"2023-03-10T12:48:27","date_gmt":"2023-03-10T11:48:27","guid":{"rendered":"https:\/\/dbr77.com\/ueber-uns\/"},"modified":"2026-03-27T13:31:46","modified_gmt":"2026-03-27T12:31:46","slug":"impressum","status":"publish","type":"page","link":"https:\/\/dbr77.com\/de\/impressum\/","title":{"rendered":"Impressum"},"content":{"rendered":"<h1 data-start=\"65\" data-end=\"78\"><\/h1>\n<h2 data-start=\"80\" data-end=\"171\"><strong data-start=\"80\" data-end=\"106\">Angaben gem\u00e4\u00df \u00a7 5 TMG:<\/strong><\/h2>\n<p data-start=\"80\" data-end=\"171\">DBR77 GmbH<br data-start=\"119\" data-end=\"122\" \/>Kurf\u00fcrstendamm 194<br data-start=\"140\" data-end=\"143\" \/>10707 Berlin<br data-start=\"155\" data-end=\"158\" \/>Deutschland<\/p>\n<p data-start=\"173\" data-end=\"256\">Handelsregister: HRB 263063B<br data-start=\"201\" data-end=\"204\" \/>Registergericht: Amtsgericht Berlin-Charlottenburg<\/p>\n<h3 data-start=\"258\" data-end=\"317\"><strong data-start=\"258\" data-end=\"278\">Vertreten durch:<\/strong><\/h3>\n<p data-start=\"258\" data-end=\"317\">Gesch\u00e4ftsf\u00fchrer: Pawel Mroczkowski<\/p>\n<h3 data-start=\"319\" data-end=\"463\"><strong data-start=\"319\" data-end=\"331\">Kontakt:<\/strong><\/h3>\n<p data-start=\"319\" data-end=\"463\">Telefon: +49 30 700 159 672<br data-start=\"367\" data-end=\"370\" \/>E-Mail: contact@dbr77.com<br data-start=\"403\" data-end=\"406\" \/>Website: <a href=\"https:\/\/dbr77.com\/de\/\" target=\"_new\" rel=\"noopener\" data-start=\"415\" data-end=\"461\">https:\/\/dbr77.com\/de\/<\/a><\/p>\n<p data-start=\"465\" data-end=\"577\"><strong data-start=\"465\" data-end=\"485\">Umsatzsteuer-ID:<\/strong><br data-start=\"485\" data-end=\"488\" \/>Umsatzsteuer-Identifikationsnummer gem\u00e4\u00df \u00a7 27a Umsatzsteuergesetz: DE368505344<\/p>\n<p data-start=\"579\" data-end=\"700\"><strong data-start=\"579\" data-end=\"635\">Verantwortlich f\u00fcr den Inhalt nach \u00a7 55 Abs. 2 RStV:<\/strong><br data-start=\"635\" data-end=\"638\" \/>DBR77 GmbH<br data-start=\"648\" data-end=\"651\" \/>Kurf\u00fcrstendamm 194<br data-start=\"669\" data-end=\"672\" \/>10707 Berlin<br data-start=\"684\" data-end=\"687\" \/>Deutschland<\/p>\n<p data-start=\"702\" data-end=\"939\"><strong data-start=\"702\" data-end=\"737\">Haftungsausschluss (Disclaimer)<\/strong><br data-start=\"737\" data-end=\"740\" \/><strong data-start=\"740\" data-end=\"763\">Haftung f\u00fcr Inhalte<\/strong><br data-start=\"763\" data-end=\"766\" \/>Die Inhalte unserer Seiten wurden mit gr\u00f6\u00dfter Sorgfalt erstellt. F\u00fcr die Richtigkeit, Vollst\u00e4ndigkeit und Aktualit\u00e4t der Inhalte k\u00f6nnen wir jedoch keine Gew\u00e4hr \u00fcbernehmen.<\/p>\n<p data-start=\"941\" data-end=\"1257\"><strong data-start=\"941\" data-end=\"962\">Haftung f\u00fcr Links<\/strong><br data-start=\"962\" data-end=\"965\" \/>Unser Angebot enth\u00e4lt Links zu externen Websites Dritter, auf deren Inhalte wir keinen Einfluss haben. Deshalb k\u00f6nnen wir f\u00fcr diese fremden Inhalte auch keine Gew\u00e4hr \u00fcbernehmen. F\u00fcr die Inhalte der verlinkten Seiten ist stets der jeweilige Anbieter oder Betreiber der Seiten verantwortlich.<\/p>\n<p data-start=\"1259\" data-end=\"1637\"><strong data-start=\"1259\" data-end=\"1275\">Urheberrecht<\/strong><br data-start=\"1275\" data-end=\"1278\" \/>Die durch die Seitenbetreiber erstellten Inhalte und Werke auf diesen Seiten unterliegen dem deutschen Urheberrecht. Beitr\u00e4ge Dritter sind als solche gekennzeichnet. Die Vervielf\u00e4ltigung, Bearbeitung, Verbreitung und jede Art der Verwertung au\u00dferhalb der Grenzen des Urheberrechts bed\u00fcrfen der schriftlichen Zustimmung des jeweiligen Autors bzw. Erstellers.<\/p>\n<h3 data-start=\"1275\" data-end=\"1316\"><strong data-start=\"1279\" data-end=\"1316\">Geltungsbereich dieses Impressums<\/strong><\/h3>\n<p data-start=\"1317\" data-end=\"1668\">Dieses Impressum gilt ausschlie\u00dflich f\u00fcr die deutschsprachigen Inhalte der Website <a class=\"decorated-link\" href=\"https:\/\/dbr77.com\/de\/\" target=\"_new\" rel=\"noopener\" data-start=\"1404\" data-end=\"1450\">https:\/\/dbr77.com<\/a>.<br data-start=\"1451\" data-end=\"1454\" \/>F\u00fcr alle weiteren Inhalte der Website, ist die DBR77 Robotics Sp. z o.o., ul. \u017b\u00f3\u0142kieskiego 31, 87-100 Toru\u0144, Polen, verantwortlich.<\/p>\n<p data-start=\"1670\" data-end=\"1891\">Alle auf der gesamten Website verwendeten Bilder, Grafiken und Medieninhalte sowie die dazugeh\u00f6rigen Lizenzen stehen im Eigentum der DBR77 Robotics Sp. z o.o. oder werden von dieser ausschlie\u00dflich verwaltet und lizenziert.<\/p>\n","protected":false},"excerpt":{"rendered":"<p>Angaben gem\u00e4\u00df \u00a7 5 TMG: DBR77 GmbHKurf\u00fcrstendamm 19410707 BerlinDeutschland Handelsregister: HRB 263063BRegistergericht: Amtsgericht Berlin-Charlottenburg Vertreten durch: Gesch\u00e4ftsf\u00fchrer: Pawel Mroczkowski Kontakt: Telefon: +49 30 700 159 672E-Mail: contact@dbr77.comWebsite: https:\/\/dbr77.com\/de\/ Umsatzsteuer-ID:Umsatzsteuer-Identifikationsnummer gem\u00e4\u00df \u00a7 27a Umsatzsteuergesetz: DE368505344 Verantwortlich f\u00fcr den Inhalt nach \u00a7 55 Abs. 2 RStV:DBR77 GmbHKurf\u00fcrstendamm 19410707 BerlinDeutschland Haftungsausschluss (Disclaimer)Haftung f\u00fcr InhalteDie Inhalte unserer Seiten wurden [&hellip;]<\/p>\n","protected":false},"author":1,"featured_media":3742,"parent":0,"menu_order":0,"comment_status":"closed","ping_status":"closed","template":"","meta":{"_acf_changed":false,"inline_featured_image":false,"footnotes":""},"class_list":["post-5119","page","type-page","status-publish","has-post-thumbnail","hentry"],"acf":[],"yoast_head":"<!-- This site is optimized with the Yoast SEO plugin v27.3 - https:\/\/yoast.com\/product\/yoast-seo-wordpress\/ -->\n<title>Impressum - DBR77 Robotics<\/title>\n<meta name=\"description\" content=\"DBR77-Plattform - Wir erm\u00f6glichen Automatisierung und Digitalisierung von Produktionsst\u00e4tten f\u00fcr alle zug\u00e4nglich zu machen.\" \/>\n<meta name=\"robots\" content=\"index, follow, max-snippet:-1, max-image-preview:large, max-video-preview:-1\" \/>\n<link rel=\"canonical\" href=\"https:\/\/dbr77.com\/de\/impressum\/\" \/>\n<meta property=\"og:locale\" content=\"de_DE\" \/>\n<meta property=\"og:type\" content=\"article\" \/>\n<meta property=\"og:title\" content=\"\u00dcber uns\" \/>\n<meta property=\"og:description\" content=\"DBR77-Plattform - Wir erm\u00f6glichen Automatisierung und Digitalisierung von Produktionsst\u00e4tten f\u00fcr alle zug\u00e4nglich zu machen.\" \/>\n<meta property=\"og:url\" content=\"https:\/\/dbr77.com\/de\/impressum\/\" \/>\n<meta property=\"og:site_name\" content=\"DBR77 Robotics\" \/>\n<meta property=\"article:publisher\" content=\"https:\/\/www.facebook.com\/dbr77robotics\" \/>\n<meta property=\"article:modified_time\" content=\"2026-03-27T12:31:46+00:00\" \/>\n<meta property=\"og:image\" content=\"https:\/\/dbr77.com\/wp-content\/uploads\/2023\/02\/DBR77-Cover-1024x538.png\" \/>\n<meta name=\"twitter:card\" content=\"summary_large_image\" \/>\n<meta name=\"twitter:title\" content=\"\u00dcber uns\" \/>\n<meta name=\"twitter:description\" content=\"DBR77-Plattform - Wir erm\u00f6glichen Automatisierung und Digitalisierung von Produktionsst\u00e4tten f\u00fcr alle zug\u00e4nglich zu machen.\" \/>\n<meta name=\"twitter:image\" content=\"https:\/\/dbr77.com\/wp-content\/uploads\/2023\/02\/DBR77-Cover-1024x538.png\" \/>\n<meta name=\"twitter:site\" content=\"@DBR77com\" \/>\n<meta name=\"twitter:label1\" content=\"Gesch\u00e4tzte Lesezeit\" \/>\n\t<meta name=\"twitter:data1\" content=\"2\u00a0Minuten\" \/>\n<script type=\"application\/ld+json\" class=\"yoast-schema-graph\">{\"@context\":\"https:\\\/\\\/schema.org\",\"@graph\":[{\"@type\":\"WebPage\",\"@id\":\"https:\\\/\\\/dbr77.com\\\/de\\\/impressum\\\/\",\"url\":\"https:\\\/\\\/dbr77.com\\\/de\\\/impressum\\\/\",\"name\":\"Impressum - DBR77 Robotics\",\"isPartOf\":{\"@id\":\"https:\\\/\\\/dbr77.com\\\/#website\"},\"primaryImageOfPage\":{\"@id\":\"https:\\\/\\\/dbr77.com\\\/de\\\/impressum\\\/#primaryimage\"},\"image\":{\"@id\":\"https:\\\/\\\/dbr77.com\\\/de\\\/impressum\\\/#primaryimage\"},\"thumbnailUrl\":\"https:\\\/\\\/dbr77.com\\\/wp-content\\\/uploads\\\/2023\\\/02\\\/DBR77-Cover.png\",\"datePublished\":\"2023-03-10T11:48:27+00:00\",\"dateModified\":\"2026-03-27T12:31:46+00:00\",\"description\":\"DBR77-Plattform - Wir erm\u00f6glichen Automatisierung und Digitalisierung von Produktionsst\u00e4tten f\u00fcr alle zug\u00e4nglich zu machen.\",\"breadcrumb\":{\"@id\":\"https:\\\/\\\/dbr77.com\\\/de\\\/impressum\\\/#breadcrumb\"},\"inLanguage\":\"de\",\"potentialAction\":[{\"@type\":\"ReadAction\",\"target\":[\"https:\\\/\\\/dbr77.com\\\/de\\\/impressum\\\/\"]}]},{\"@type\":\"ImageObject\",\"inLanguage\":\"de\",\"@id\":\"https:\\\/\\\/dbr77.com\\\/de\\\/impressum\\\/#primaryimage\",\"url\":\"https:\\\/\\\/dbr77.com\\\/wp-content\\\/uploads\\\/2023\\\/02\\\/DBR77-Cover.png\",\"contentUrl\":\"https:\\\/\\\/dbr77.com\\\/wp-content\\\/uploads\\\/2023\\\/02\\\/DBR77-Cover.png\",\"width\":1200,\"height\":630,\"caption\":\"Akademia DBR77\"},{\"@type\":\"BreadcrumbList\",\"@id\":\"https:\\\/\\\/dbr77.com\\\/de\\\/impressum\\\/#breadcrumb\",\"itemListElement\":[{\"@type\":\"ListItem\",\"position\":1,\"name\":\"Home\",\"item\":\"https:\\\/\\\/dbr77.com\\\/de\\\/\"},{\"@type\":\"ListItem\",\"position\":2,\"name\":\"Impressum\"}]},{\"@type\":\"WebSite\",\"@id\":\"https:\\\/\\\/dbr77.com\\\/#website\",\"url\":\"https:\\\/\\\/dbr77.com\\\/\",\"name\":\"DBR77 Robotics\",\"description\":\"All-in-one platform for the best digitalization\",\"publisher\":{\"@id\":\"https:\\\/\\\/dbr77.com\\\/#organization\"},\"potentialAction\":[{\"@type\":\"SearchAction\",\"target\":{\"@type\":\"EntryPoint\",\"urlTemplate\":\"https:\\\/\\\/dbr77.com\\\/?s={search_term_string}\"},\"query-input\":{\"@type\":\"PropertyValueSpecification\",\"valueRequired\":true,\"valueName\":\"search_term_string\"}}],\"inLanguage\":\"de\"},{\"@type\":\"Organization\",\"@id\":\"https:\\\/\\\/dbr77.com\\\/#organization\",\"name\":\"DBR 77 Robotics Sp\u00f3\u0142ka z ograniczon\u0105 odpowiedzialno\u015bci\u0105\",\"alternateName\":\"DBR77\",\"url\":\"https:\\\/\\\/dbr77.com\\\/\",\"logo\":{\"@type\":\"ImageObject\",\"inLanguage\":\"de\",\"@id\":\"https:\\\/\\\/dbr77.com\\\/#\\\/schema\\\/logo\\\/image\\\/\",\"url\":\"https:\\\/\\\/dbr77.com\\\/wp-content\\\/uploads\\\/2023\\\/03\\\/Media-DBR77-Color.svg\",\"contentUrl\":\"https:\\\/\\\/dbr77.com\\\/wp-content\\\/uploads\\\/2023\\\/03\\\/Media-DBR77-Color.svg\",\"width\":1014,\"height\":354,\"caption\":\"DBR 77 Robotics Sp\u00f3\u0142ka z ograniczon\u0105 odpowiedzialno\u015bci\u0105\"},\"image\":{\"@id\":\"https:\\\/\\\/dbr77.com\\\/#\\\/schema\\\/logo\\\/image\\\/\"},\"sameAs\":[\"https:\\\/\\\/www.facebook.com\\\/dbr77robotics\",\"https:\\\/\\\/x.com\\\/DBR77com\",\"https:\\\/\\\/pl.linkedin.com\\\/company\\\/dbr77com\",\"https:\\\/\\\/www.youtube.com\\\/@dbr774\",\"https:\\\/\\\/www.instagram.com\\\/dbr77robotics\",\"https:\\\/\\\/www.tiktok.com\\\/@dbr77robotics\"]}]}<\/script>\n<!-- \/ Yoast SEO plugin. -->","yoast_head_json":{"title":"Impressum - DBR77 Robotics","description":"DBR77-Plattform - Wir erm\u00f6glichen Automatisierung und Digitalisierung von Produktionsst\u00e4tten f\u00fcr alle zug\u00e4nglich zu machen.","robots":{"index":"index","follow":"follow","max-snippet":"max-snippet:-1","max-image-preview":"max-image-preview:large","max-video-preview":"max-video-preview:-1"},"canonical":"https:\/\/dbr77.com\/de\/impressum\/","og_locale":"de_DE","og_type":"article","og_title":"\u00dcber uns","og_description":"DBR77-Plattform - Wir erm\u00f6glichen Automatisierung und Digitalisierung von Produktionsst\u00e4tten f\u00fcr alle zug\u00e4nglich zu machen.","og_url":"https:\/\/dbr77.com\/de\/impressum\/","og_site_name":"DBR77 Robotics","article_publisher":"https:\/\/www.facebook.com\/dbr77robotics","article_modified_time":"2026-03-27T12:31:46+00:00","og_image":[{"url":"https:\/\/dbr77.com\/wp-content\/uploads\/2023\/02\/DBR77-Cover-1024x538.png","type":"","width":"","height":""}],"twitter_card":"summary_large_image","twitter_title":"\u00dcber uns","twitter_description":"DBR77-Plattform - Wir erm\u00f6glichen Automatisierung und Digitalisierung von Produktionsst\u00e4tten f\u00fcr alle zug\u00e4nglich zu machen.","twitter_image":"https:\/\/dbr77.com\/wp-content\/uploads\/2023\/02\/DBR77-Cover-1024x538.png","twitter_site":"@DBR77com","twitter_misc":{"Gesch\u00e4tzte Lesezeit":"2\u00a0Minuten"},"schema":{"@context":"https:\/\/schema.org","@graph":[{"@type":"WebPage","@id":"https:\/\/dbr77.com\/de\/impressum\/","url":"https:\/\/dbr77.com\/de\/impressum\/","name":"Impressum - DBR77 Robotics","isPartOf":{"@id":"https:\/\/dbr77.com\/#website"},"primaryImageOfPage":{"@id":"https:\/\/dbr77.com\/de\/impressum\/#primaryimage"},"image":{"@id":"https:\/\/dbr77.com\/de\/impressum\/#primaryimage"},"thumbnailUrl":"https:\/\/dbr77.com\/wp-content\/uploads\/2023\/02\/DBR77-Cover.png","datePublished":"2023-03-10T11:48:27+00:00","dateModified":"2026-03-27T12:31:46+00:00","description":"DBR77-Plattform - Wir erm\u00f6glichen Automatisierung und Digitalisierung von Produktionsst\u00e4tten f\u00fcr alle zug\u00e4nglich zu machen.","breadcrumb":{"@id":"https:\/\/dbr77.com\/de\/impressum\/#breadcrumb"},"inLanguage":"de","potentialAction":[{"@type":"ReadAction","target":["https:\/\/dbr77.com\/de\/impressum\/"]}]},{"@type":"ImageObject","inLanguage":"de","@id":"https:\/\/dbr77.com\/de\/impressum\/#primaryimage","url":"https:\/\/dbr77.com\/wp-content\/uploads\/2023\/02\/DBR77-Cover.png","contentUrl":"https:\/\/dbr77.com\/wp-content\/uploads\/2023\/02\/DBR77-Cover.png","width":1200,"height":630,"caption":"Akademia DBR77"},{"@type":"BreadcrumbList","@id":"https:\/\/dbr77.com\/de\/impressum\/#breadcrumb","itemListElement":[{"@type":"ListItem","position":1,"name":"Home","item":"https:\/\/dbr77.com\/de\/"},{"@type":"ListItem","position":2,"name":"Impressum"}]},{"@type":"WebSite","@id":"https:\/\/dbr77.com\/#website","url":"https:\/\/dbr77.com\/","name":"DBR77 Robotics","description":"All-in-one platform for the best digitalization","publisher":{"@id":"https:\/\/dbr77.com\/#organization"},"potentialAction":[{"@type":"SearchAction","target":{"@type":"EntryPoint","urlTemplate":"https:\/\/dbr77.com\/?s={search_term_string}"},"query-input":{"@type":"PropertyValueSpecification","valueRequired":true,"valueName":"search_term_string"}}],"inLanguage":"de"},{"@type":"Organization","@id":"https:\/\/dbr77.com\/#organization","name":"DBR 77 Robotics Sp\u00f3\u0142ka z ograniczon\u0105 odpowiedzialno\u015bci\u0105","alternateName":"DBR77","url":"https:\/\/dbr77.com\/","logo":{"@type":"ImageObject","inLanguage":"de","@id":"https:\/\/dbr77.com\/#\/schema\/logo\/image\/","url":"https:\/\/dbr77.com\/wp-content\/uploads\/2023\/03\/Media-DBR77-Color.svg","contentUrl":"https:\/\/dbr77.com\/wp-content\/uploads\/2023\/03\/Media-DBR77-Color.svg","width":1014,"height":354,"caption":"DBR 77 Robotics Sp\u00f3\u0142ka z ograniczon\u0105 odpowiedzialno\u015bci\u0105"},"image":{"@id":"https:\/\/dbr77.com\/#\/schema\/logo\/image\/"},"sameAs":["https:\/\/www.facebook.com\/dbr77robotics","https:\/\/x.com\/DBR77com","https:\/\/pl.linkedin.com\/company\/dbr77com","https:\/\/www.youtube.com\/@dbr774","https:\/\/www.instagram.com\/dbr77robotics","https:\/\/www.tiktok.com\/@dbr77robotics"]}]}},"_links":{"self":[{"href":"https:\/\/dbr77.com\/de\/wp-json\/wp\/v2\/pages\/5119","targetHints":{"allow":["GET"]}}],"collection":[{"href":"https:\/\/dbr77.com\/de\/wp-json\/wp\/v2\/pages"}],"about":[{"href":"https:\/\/dbr77.com\/de\/wp-json\/wp\/v2\/types\/page"}],"author":[{"embeddable":true,"href":"https:\/\/dbr77.com\/de\/wp-json\/wp\/v2\/users\/1"}],"replies":[{"embeddable":true,"href":"https:\/\/dbr77.com\/de\/wp-json\/wp\/v2\/comments?post=5119"}],"version-history":[{"count":11,"href":"https:\/\/dbr77.com\/de\/wp-json\/wp\/v2\/pages\/5119\/revisions"}],"predecessor-version":[{"id":28484,"href":"https:\/\/dbr77.com\/de\/wp-json\/wp\/v2\/pages\/5119\/revisions\/28484"}],"wp:featuredmedia":[{"embeddable":true,"href":"https:\/\/dbr77.com\/de\/wp-json\/wp\/v2\/media\/3742"}],"wp:attachment":[{"href":"https:\/\/dbr77.com\/de\/wp-json\/wp\/v2\/media?parent=5119"}],"curies":[{"name":"wp","href":"https:\/\/api.w.org\/{rel}","templated":true}]}}